{"id":6873,"date":"2025-02-23T17:12:26","date_gmt":"2025-02-23T16:12:26","guid":{"rendered":"https:\/\/pakoline.com\/?page_id=6873"},"modified":"2025-04-10T13:56:41","modified_gmt":"2025-04-10T11:56:41","slug":"bric-a-brac","status":"publish","type":"page","link":"https:\/\/pakoline.com\/it\/produits\/bric-a-brac\/","title":{"rendered":"Bric-\u00e0-brac"},"content":{"rendered":"<div data-elementor-type=\"wp-page\" data-elementor-id=\"6873\" class=\"elementor elementor-6873\" data-elementor-post-type=\"page\">\n\t\t\t\t\t\t<section class=\"elementor-section elementor-top-section elementor-element elementor-element-e6018d3 elementor-section-content-middle elementor-section-boxed elementor-section-height-default elementor-section-height-default\" data-id=\"e6018d3\" data-element_type=\"section\">\n\t\t\t\t\t\t<div class=\"elementor-container elementor-column-gap-wider\">\n\t\t\t\t\t<div class=\"elementor-column elementor-col-100 elementor-top-column elementor-element elementor-element-1a9101b\" data-id=\"1a9101b\" data-element_type=\"column\">\n\t\t\t<div class=\"elementor-widget-wrap elementor-element-populated\">\n\t\t\t\t\t\t<div class=\"elementor-element elementor-element-8e6dbee elementor-widget__width-initial elementor-widget elementor-widget-heading\" data-id=\"8e6dbee\" data-element_type=\"widget\" data-widget_type=\"heading.default\">\n\t\t\t\t<div class=\"elementor-widget-container\">\n\t\t\t\t\t<h2 class=\"elementor-heading-title elementor-size-default\">Bric-\u00e0-brac<\/h2>\t\t\t\t<\/div>\n\t\t\t\t<\/div>\n\t\t\t\t<div class=\"elementor-element elementor-element-9357e20 elementor-widget elementor-widget-text-editor\" data-id=\"9357e20\" data-element_type=\"widget\" data-widget_type=\"text-editor.default\">\n\t\t\t\t<div class=\"elementor-widget-container\">\n\t\t\t\t\t\t\t\t\t<p class=\"p1\">Le bric-\u00e0-brac regroupe un large choix d\u2019articles vari\u00e9s : accessoires de maison, petits \u00e9lectrom\u00e9nagers, d\u00e9corations, jouets, ustensiles de cuisine et bien plus encore. Ces produits s\u00e9lectionn\u00e9s sont souvent issus de d\u00e9stockage, de fins de s\u00e9ries ou de lots invendus, ce qui nous permet d\u2019obtenir des prix tr\u00e8s comp\u00e9titifs.<\/p><p class=\"p1\"><b>Perch\u00e9 scegliere beni di seconda mano per la tua attivit\u00e0?<br \/><\/b><\/p><p class=\"p1\">Les points forts de cette cat\u00e9gorie r\u00e9side dans :<br \/>- L\u00e0 <b>Ampia variet\u00e0 di prodotti<\/b> : perfetto per attrarre diverse tipologie di clienti.<br \/>- IL <b>Prezzi interessanti<\/b> : ideale per offrire articoli a basso prezzo con un margine interessante.<br \/>&#8211; <b>Ideale per negozi e mercati<\/b> : questi articoli si vendono molto bene nei negozi fisici e sui social network.<\/p><p class=\"p1\">Une cat\u00e9gorie qui offre un<b> ampia scelta di articoli<\/b> : oggetti di uso quotidiano, decorazioni, gadget, giocattoli e molto altro a<b> prezzi imbattibili<\/b> che negoziamo per garantirti le migliori offerte.<br \/>Nous assurons le renouvellement constant de notre stock en entrep\u00f4t avec des nouveaut\u00e9s pour fid\u00e9liser votre client\u00e8le.<\/p><p>Livraison rapide partout au S\u00e9n\u00e9gal : recevez vos articles directement chez vous!<\/p><p><em>\u2022<\/em>\u00a0<a href=\"https:\/\/pakoline.com\/it\/produits\/\" target=\"_blank\" rel=\"noopener\">Vedi tutte le qualit\u00e0<\/a>\u00a0<br \/><em>\u2022<\/em>\u00a0<a style=\"background-color: rgba(255, 255, 255, 0); letter-spacing: var(--the7-base-letter-spacing); text-transform: var(--the7-base-text-transform); word-spacing: normal;\" href=\"https:\/\/pakoline.com\/it\/choisir-balles-vetements\/\" target=\"_blank\" rel=\"noopener\">I nostri consigli per la scelta del tuo stock<\/a><\/p>\t\t\t\t\t\t\t\t<\/div>\n\t\t\t\t<\/div>\n\t\t\t\t\t<\/div>\n\t\t<\/div>\n\t\t\t\t\t<\/div>\n\t\t<\/section>\n\t\t\t\t<section class=\"elementor-section elementor-top-section elementor-element elementor-element-6989e86 elementor-reverse-mobile elementor-section-boxed elementor-section-height-default elementor-section-height-default\" data-id=\"6989e86\" data-element_type=\"section\">\n\t\t\t\t\t\t<div class=\"elementor-container elementor-column-gap-wider\">\n\t\t\t\t\t<div class=\"elementor-column elementor-col-50 elementor-top-column elementor-element elementor-element-bb6c04c\" data-id=\"bb6c04c\" data-element_type=\"column\">\n\t\t\t<div class=\"elementor-widget-wrap elementor-element-populated\">\n\t\t\t\t\t\t<div class=\"elementor-element elementor-element-d6ec1e0 elementor-widget elementor-widget-image\" data-id=\"d6ec1e0\" data-element_type=\"widget\" data-widget_type=\"image.default\">\n\t\t\t\t<div class=\"elementor-widget-container\">\n\t\t\t\t\t\t\t\t\t\t\t\t\t\t\t<img decoding=\"async\" src=\"https:\/\/pakoline.com\/wp-content\/uploads\/elementor\/thumbs\/s-l1200-1-rid84t5ki94q20dwo00zq7h30l3isuwfgl5ec9o5kw.jpg\" title=\"Lot de bric-\u00e0-brac en gros pour commer\u00e7ants &#8211; Pakoline\" alt=\"Lot de bric-\u00e0-brac en gros pour commer\u00e7ants - Pakoline\" loading=\"lazy\" \/>\t\t\t\t\t\t\t\t\t\t\t\t\t\t\t<\/div>\n\t\t\t\t<\/div>\n\t\t\t\t\t<\/div>\n\t\t<\/div>\n\t\t\t\t<div class=\"elementor-column elementor-col-50 elementor-top-column elementor-element elementor-element-1f7bdc7\" data-id=\"1f7bdc7\" data-element_type=\"column\">\n\t\t\t<div class=\"elementor-widget-wrap elementor-element-populated\">\n\t\t\t\t\t\t<div class=\"elementor-element elementor-element-c601eb5 elementor-widget elementor-widget-image\" data-id=\"c601eb5\" data-element_type=\"widget\" data-widget_type=\"image.default\">\n\t\t\t\t<div class=\"elementor-widget-container\">\n\t\t\t\t\t\t\t\t\t\t\t\t\t\t\t<img decoding=\"async\" src=\"https:\/\/pakoline.com\/wp-content\/uploads\/elementor\/thumbs\/photo-08023-15-00-50-1678106757-1678106766-copie-rid84s7qbf3fqef9thmd5ppmf785l5sp4ghwuzpjr4.jpg\" title=\"Articles divers de bric-\u00e0-brac : \u00e9lectrom\u00e9nager, jouets, d\u00e9coration\" alt=\"Articles divers de bric-\u00e0-brac : \u00e9lectrom\u00e9nager, jouets, d\u00e9coration\" loading=\"lazy\" \/>\t\t\t\t\t\t\t\t\t\t\t\t\t\t\t<\/div>\n\t\t\t\t<\/div>\n\t\t\t\t\t<\/div>\n\t\t<\/div>\n\t\t\t\t\t<\/div>\n\t\t<\/section>\n\t\t\t\t<\/div>","protected":false},"excerpt":{"rendered":"<p>Bric-\u00e0-brac Le bric-\u00e0-brac regroupe un large choix d\u2019articles vari\u00e9s : accessoires de maison, petits \u00e9lectrom\u00e9nagers, d\u00e9corations, jouets, ustensiles de cuisine et bien plus encore. Ces produits s\u00e9lectionn\u00e9s sont souvent issus de d\u00e9stockage, de fins de s\u00e9ries ou de lots invendus, ce qui nous permet d\u2019obtenir des prix tr\u00e8s comp\u00e9titifs. Pourquoi choisir du bric-\u00e0-brac pour votre&hellip;<\/p>","protected":false},"author":1,"featured_media":0,"parent":348,"menu_order":0,"comment_status":"closed","ping_status":"closed","template":"","meta":{"footnotes":""},"class_list":["post-6873","page","type-page","status-publish","hentry"],"yoast_head":"<!-- This site is optimized with the Yoast SEO plugin v26.5 - https:\/\/yoast.com\/wordpress\/plugins\/seo\/ -->\n<title>Bric-\u00e0-Brac en Gros \u2013 Meilleur Stock pour Commer\u00e7ants - PAKOLINE<\/title>\n<meta name=\"description\" content=\"D\u00e9couvrez notre stock de bric-\u00e0-brac en gros : objets divers, \u00e9lectrom\u00e9nager, accessoires et plus encore. Contactez nous pour plus d&#039;infos\" \/>\n<meta name=\"robots\" content=\"index, follow, max-snippet:-1, max-image-preview:large, max-video-preview:-1\" \/>\n<link rel=\"canonical\" href=\"https:\/\/pakoline.com\/it\/produits\/bric-a-brac\/\" \/>\n<meta property=\"og:locale\" content=\"it_IT\" \/>\n<meta property=\"og:type\" content=\"article\" \/>\n<meta property=\"og:title\" content=\"Bric-\u00e0-Brac en Gros \u2013 Meilleur Stock pour Commer\u00e7ants - PAKOLINE\" \/>\n<meta property=\"og:description\" content=\"D\u00e9couvrez notre stock de bric-\u00e0-brac en gros : objets divers, \u00e9lectrom\u00e9nager, accessoires et plus encore. Contactez nous pour plus d&#039;infos\" \/>\n<meta property=\"og:url\" content=\"https:\/\/pakoline.com\/it\/produits\/bric-a-brac\/\" \/>\n<meta property=\"og:site_name\" content=\"PAKOLINE\" \/>\n<meta property=\"article:modified_time\" content=\"2025-04-10T11:56:41+00:00\" \/>\n<meta property=\"og:image\" content=\"https:\/\/pakoline.com\/wp-content\/uploads\/elementor\/thumbs\/s-l1200-1-r24gq59l3apeamrb9dr37okxb0k0alar02gjtcejpc.jpg\" \/>\n<meta name=\"twitter:card\" content=\"summary_large_image\" \/>\n<meta name=\"twitter:label1\" content=\"Tempo di lettura stimato\" \/>\n\t<meta name=\"twitter:data1\" content=\"2 minuti\" \/>\n<script type=\"application\/ld+json\" class=\"yoast-schema-graph\">{\"@context\":\"https:\/\/schema.org\",\"@graph\":[{\"@type\":\"WebPage\",\"@id\":\"https:\/\/pakoline.com\/produits\/bric-a-brac\/\",\"url\":\"https:\/\/pakoline.com\/produits\/bric-a-brac\/\",\"name\":\"Bric-\u00e0-Brac en Gros \u2013 Meilleur Stock pour Commer\u00e7ants - PAKOLINE\",\"isPartOf\":{\"@id\":\"https:\/\/pakoline.com\/#website\"},\"primaryImageOfPage\":{\"@id\":\"https:\/\/pakoline.com\/produits\/bric-a-brac\/#primaryimage\"},\"image\":{\"@id\":\"https:\/\/pakoline.com\/produits\/bric-a-brac\/#primaryimage\"},\"thumbnailUrl\":\"https:\/\/pakoline.com\/wp-content\/uploads\/elementor\/thumbs\/s-l1200-1-r24gq59l3apeamrb9dr37okxb0k0alar02gjtcejpc.jpg\",\"datePublished\":\"2025-02-23T16:12:26+00:00\",\"dateModified\":\"2025-04-10T11:56:41+00:00\",\"description\":\"D\u00e9couvrez notre stock de bric-\u00e0-brac en gros : objets divers, \u00e9lectrom\u00e9nager, accessoires et plus encore. Contactez nous pour plus d'infos\",\"breadcrumb\":{\"@id\":\"https:\/\/pakoline.com\/produits\/bric-a-brac\/#breadcrumb\"},\"inLanguage\":\"it-IT\",\"potentialAction\":[{\"@type\":\"ReadAction\",\"target\":[\"https:\/\/pakoline.com\/produits\/bric-a-brac\/\"]}]},{\"@type\":\"ImageObject\",\"inLanguage\":\"it-IT\",\"@id\":\"https:\/\/pakoline.com\/produits\/bric-a-brac\/#primaryimage\",\"url\":\"https:\/\/pakoline.com\/wp-content\/uploads\/elementor\/thumbs\/s-l1200-1-r24gq59l3apeamrb9dr37okxb0k0alar02gjtcejpc.jpg\",\"contentUrl\":\"https:\/\/pakoline.com\/wp-content\/uploads\/elementor\/thumbs\/s-l1200-1-r24gq59l3apeamrb9dr37okxb0k0alar02gjtcejpc.jpg\"},{\"@type\":\"BreadcrumbList\",\"@id\":\"https:\/\/pakoline.com\/produits\/bric-a-brac\/#breadcrumb\",\"itemListElement\":[{\"@type\":\"ListItem\",\"position\":1,\"name\":\"Accueil\",\"item\":\"https:\/\/pakoline.com\/\"},{\"@type\":\"ListItem\",\"position\":2,\"name\":\"Produits\",\"item\":\"https:\/\/pakoline.com\/produits\/\"},{\"@type\":\"ListItem\",\"position\":3,\"name\":\"Bric-\u00e0-brac\"}]},{\"@type\":\"WebSite\",\"@id\":\"https:\/\/pakoline.com\/#website\",\"url\":\"https:\/\/pakoline.com\/\",\"name\":\"PAKOLINE\",\"description\":\"\",\"publisher\":{\"@id\":\"https:\/\/pakoline.com\/#organization\"},\"potentialAction\":[{\"@type\":\"SearchAction\",\"target\":{\"@type\":\"EntryPoint\",\"urlTemplate\":\"https:\/\/pakoline.com\/?s={search_term_string}\"},\"query-input\":{\"@type\":\"PropertyValueSpecification\",\"valueRequired\":true,\"valueName\":\"search_term_string\"}}],\"inLanguage\":\"it-IT\"},{\"@type\":\"Organization\",\"@id\":\"https:\/\/pakoline.com\/#organization\",\"name\":\"PAKOLINE\",\"url\":\"https:\/\/pakoline.com\/\",\"logo\":{\"@type\":\"ImageObject\",\"inLanguage\":\"it-IT\",\"@id\":\"https:\/\/pakoline.com\/#\/schema\/logo\/image\/\",\"url\":\"https:\/\/pakoline.com\/wp-content\/uploads\/2025\/02\/cropped-FAV_ICON_2.png\",\"contentUrl\":\"https:\/\/pakoline.com\/wp-content\/uploads\/2025\/02\/cropped-FAV_ICON_2.png\",\"width\":512,\"height\":512,\"caption\":\"PAKOLINE\"},\"image\":{\"@id\":\"https:\/\/pakoline.com\/#\/schema\/logo\/image\/\"}}]}<\/script>\n<!-- \/ Yoast SEO plugin. -->","yoast_head_json":{"title":"Bric-\u00e0-Brac en Gros \u2013 Meilleur Stock pour Commer\u00e7ants - PAKOLINE","description":"D\u00e9couvrez notre stock de bric-\u00e0-brac en gros : objets divers, \u00e9lectrom\u00e9nager, accessoires et plus encore. Contactez nous pour plus d'infos","robots":{"index":"index","follow":"follow","max-snippet":"max-snippet:-1","max-image-preview":"max-image-preview:large","max-video-preview":"max-video-preview:-1"},"canonical":"https:\/\/pakoline.com\/it\/produits\/bric-a-brac\/","og_locale":"it_IT","og_type":"article","og_title":"Bric-\u00e0-Brac en Gros \u2013 Meilleur Stock pour Commer\u00e7ants - PAKOLINE","og_description":"D\u00e9couvrez notre stock de bric-\u00e0-brac en gros : objets divers, \u00e9lectrom\u00e9nager, accessoires et plus encore. Contactez nous pour plus d'infos","og_url":"https:\/\/pakoline.com\/it\/produits\/bric-a-brac\/","og_site_name":"PAKOLINE","article_modified_time":"2025-04-10T11:56:41+00:00","og_image":[{"url":"https:\/\/pakoline.com\/wp-content\/uploads\/elementor\/thumbs\/s-l1200-1-r24gq59l3apeamrb9dr37okxb0k0alar02gjtcejpc.jpg","type":"","width":"","height":""}],"twitter_card":"summary_large_image","twitter_misc":{"Tempo di lettura stimato":"2 minuti"},"schema":{"@context":"https:\/\/schema.org","@graph":[{"@type":"WebPage","@id":"https:\/\/pakoline.com\/produits\/bric-a-brac\/","url":"https:\/\/pakoline.com\/produits\/bric-a-brac\/","name":"Bric-\u00e0-Brac en Gros \u2013 Meilleur Stock pour Commer\u00e7ants - PAKOLINE","isPartOf":{"@id":"https:\/\/pakoline.com\/#website"},"primaryImageOfPage":{"@id":"https:\/\/pakoline.com\/produits\/bric-a-brac\/#primaryimage"},"image":{"@id":"https:\/\/pakoline.com\/produits\/bric-a-brac\/#primaryimage"},"thumbnailUrl":"https:\/\/pakoline.com\/wp-content\/uploads\/elementor\/thumbs\/s-l1200-1-r24gq59l3apeamrb9dr37okxb0k0alar02gjtcejpc.jpg","datePublished":"2025-02-23T16:12:26+00:00","dateModified":"2025-04-10T11:56:41+00:00","description":"D\u00e9couvrez notre stock de bric-\u00e0-brac en gros : objets divers, \u00e9lectrom\u00e9nager, accessoires et plus encore. Contactez nous pour plus d'infos","breadcrumb":{"@id":"https:\/\/pakoline.com\/produits\/bric-a-brac\/#breadcrumb"},"inLanguage":"it-IT","potentialAction":[{"@type":"ReadAction","target":["https:\/\/pakoline.com\/produits\/bric-a-brac\/"]}]},{"@type":"ImageObject","inLanguage":"it-IT","@id":"https:\/\/pakoline.com\/produits\/bric-a-brac\/#primaryimage","url":"https:\/\/pakoline.com\/wp-content\/uploads\/elementor\/thumbs\/s-l1200-1-r24gq59l3apeamrb9dr37okxb0k0alar02gjtcejpc.jpg","contentUrl":"https:\/\/pakoline.com\/wp-content\/uploads\/elementor\/thumbs\/s-l1200-1-r24gq59l3apeamrb9dr37okxb0k0alar02gjtcejpc.jpg"},{"@type":"BreadcrumbList","@id":"https:\/\/pakoline.com\/produits\/bric-a-brac\/#breadcrumb","itemListElement":[{"@type":"ListItem","position":1,"name":"Accueil","item":"https:\/\/pakoline.com\/"},{"@type":"ListItem","position":2,"name":"Produits","item":"https:\/\/pakoline.com\/produits\/"},{"@type":"ListItem","position":3,"name":"Bric-\u00e0-brac"}]},{"@type":"WebSite","@id":"https:\/\/pakoline.com\/#website","url":"https:\/\/pakoline.com\/","name":"PAKOLINE","description":"","publisher":{"@id":"https:\/\/pakoline.com\/#organization"},"potentialAction":[{"@type":"SearchAction","target":{"@type":"EntryPoint","urlTemplate":"https:\/\/pakoline.com\/?s={search_term_string}"},"query-input":{"@type":"PropertyValueSpecification","valueRequired":true,"valueName":"search_term_string"}}],"inLanguage":"it-IT"},{"@type":"Organization","@id":"https:\/\/pakoline.com\/#organization","name":"PAKOLINE","url":"https:\/\/pakoline.com\/","logo":{"@type":"ImageObject","inLanguage":"it-IT","@id":"https:\/\/pakoline.com\/#\/schema\/logo\/image\/","url":"https:\/\/pakoline.com\/wp-content\/uploads\/2025\/02\/cropped-FAV_ICON_2.png","contentUrl":"https:\/\/pakoline.com\/wp-content\/uploads\/2025\/02\/cropped-FAV_ICON_2.png","width":512,"height":512,"caption":"PAKOLINE"},"image":{"@id":"https:\/\/pakoline.com\/#\/schema\/logo\/image\/"}}]}},"_links":{"self":[{"href":"https:\/\/pakoline.com\/it\/wp-json\/wp\/v2\/pages\/6873","targetHints":{"allow":["GET"]}}],"collection":[{"href":"https:\/\/pakoline.com\/it\/wp-json\/wp\/v2\/pages"}],"about":[{"href":"https:\/\/pakoline.com\/it\/wp-json\/wp\/v2\/types\/page"}],"author":[{"embeddable":true,"href":"https:\/\/pakoline.com\/it\/wp-json\/wp\/v2\/users\/1"}],"replies":[{"embeddable":true,"href":"https:\/\/pakoline.com\/it\/wp-json\/wp\/v2\/comments?post=6873"}],"version-history":[{"count":35,"href":"https:\/\/pakoline.com\/it\/wp-json\/wp\/v2\/pages\/6873\/revisions"}],"predecessor-version":[{"id":7639,"href":"https:\/\/pakoline.com\/it\/wp-json\/wp\/v2\/pages\/6873\/revisions\/7639"}],"up":[{"embeddable":true,"href":"https:\/\/pakoline.com\/it\/wp-json\/wp\/v2\/pages\/348"}],"wp:attachment":[{"href":"https:\/\/pakoline.com\/it\/wp-json\/wp\/v2\/media?parent=6873"}],"curies":[{"name":"wp","href":"https:\/\/api.w.org\/{rel}","templated":true}]}}