{"id":6864,"date":"2025-02-23T17:07:23","date_gmt":"2025-02-23T16:07:23","guid":{"rendered":"https:\/\/pakoline.com\/?page_id=6864"},"modified":"2025-04-10T14:25:18","modified_gmt":"2025-04-10T12:25:18","slug":"vetements-outlet","status":"publish","type":"page","link":"https:\/\/pakoline.com\/it\/produits\/vetements-outlet\/","title":{"rendered":"Presa"},"content":{"rendered":"<div data-elementor-type=\"wp-page\" data-elementor-id=\"6864\" class=\"elementor elementor-6864\" data-elementor-post-type=\"page\">\n\t\t\t\t\t\t<section class=\"elementor-section elementor-top-section elementor-element elementor-element-e925637 elementor-section-content-middle elementor-section-boxed elementor-section-height-default elementor-section-height-default\" data-id=\"e925637\" data-element_type=\"section\">\n\t\t\t\t\t\t<div class=\"elementor-container elementor-column-gap-wider\">\n\t\t\t\t\t<div class=\"elementor-column elementor-col-100 elementor-top-column elementor-element elementor-element-737342a\" data-id=\"737342a\" data-element_type=\"column\">\n\t\t\t<div class=\"elementor-widget-wrap elementor-element-populated\">\n\t\t\t\t\t\t<div class=\"elementor-element elementor-element-9e4b080 elementor-widget__width-initial elementor-widget elementor-widget-heading\" data-id=\"9e4b080\" data-element_type=\"widget\" data-widget_type=\"heading.default\">\n\t\t\t\t<div class=\"elementor-widget-container\">\n\t\t\t\t\t<h2 class=\"elementor-heading-title elementor-size-default\">Presa<\/h2>\t\t\t\t<\/div>\n\t\t\t\t<\/div>\n\t\t\t\t<div class=\"elementor-element elementor-element-01338bd elementor-widget elementor-widget-text-editor\" data-id=\"01338bd\" data-element_type=\"widget\" data-widget_type=\"text-editor.default\">\n\t\t\t\t<div class=\"elementor-widget-container\">\n\t\t\t\t\t\t\t\t\t<p class=\"p1\">L\u2019outlet dans le secteur de la friperie d\u00e9signe des v\u00eatements neufs avec \u00e9tiquettes. Des articles qui proviennent des surplus de stocks, des fins de collections ou des invendus de grandes marques. Contrairement \u00e0 la friperie classique, ces articles n\u2019ont jamais \u00e9t\u00e9 port\u00e9s.<\/p>\n<p class=\"p1\"><b>Perch\u00e9 scegliere l'abbigliamento outlet?<br><\/b><\/p>\n<p class=\"p1\">Nos clients choisissent les v\u00eatements Outlet pour les raisons suivantes :<\/p>\n<p class=\"p1\">&#8211; <b>Prezzi molto competitivi<\/b> : nous proposons des v\u00eatements de marque connues \u00e0 des tarifs bien inf\u00e9rieurs au prix du neuf.<br>&#8211; <b>Nuova condizione<\/b> : la s\u00e9lection outlet est parfaite pour attirer une client\u00e8le recherchant de la qualit\u00e9 \u00e0 moindre co\u00fbt.<br>&#8211; <b>Grande diversit\u00e0<\/b> : collezioni variegate per soddisfare tutti i gusti e tutte le stagioni.<br>ideale per i trader che desiderano massimizzare i propri profitti con prodotti interessanti.<\/p>\n<p class=\"p1\">Nous proposons dans la gamme Outlet :<\/p>\n<p class=\"p1\">&#8211; un large choix : avec des lots de v\u00eatements diversifi\u00e9s pour homme, femme et enfant.<br>&#8211; une qualit\u00e9 contr\u00f4l\u00e9e : chaque lot est s\u00e9lectionn\u00e9 avec soin pour garantir la satisfaction des commer\u00e7ants.<br>&#8211; un stock renouvel\u00e9 r\u00e9guli\u00e8rement : vous avez acc\u00e8s \u00e0 des nouveaut\u00e9s fr\u00e9quentes pour dynamiser vos ventes.<\/p>\n<p><em>\u2022<\/em>&nbsp;<a href=\"https:\/\/pakoline.com\/it\/produits\/\" target=\"_blank\" rel=\"noopener\">Vedi tutte le qualit\u00e0<\/a>&nbsp;<br><em>\u2022<\/em>&nbsp;<a style=\"background-color: rgba(255, 255, 255, 0); letter-spacing: var(--the7-base-letter-spacing); text-transform: var(--the7-base-text-transform); word-spacing: normal;\" href=\"https:\/\/pakoline.com\/it\/choisir-balles-vetements\/\" target=\"_blank\" rel=\"noopener\">I nostri consigli per la scelta del tuo stock<\/a><\/p>\t\t\t\t\t\t\t\t<\/div>\n\t\t\t\t<\/div>\n\t\t\t\t\t<\/div>\n\t\t<\/div>\n\t\t\t\t\t<\/div>\n\t\t<\/section>\n\t\t\t\t<section class=\"elementor-section elementor-top-section elementor-element elementor-element-90f4c11 elementor-reverse-mobile elementor-section-boxed elementor-section-height-default elementor-section-height-default\" data-id=\"90f4c11\" data-element_type=\"section\">\n\t\t\t\t\t\t<div class=\"elementor-container elementor-column-gap-wider\">\n\t\t\t\t\t<div class=\"elementor-column elementor-col-50 elementor-top-column elementor-element elementor-element-69880dc\" data-id=\"69880dc\" data-element_type=\"column\">\n\t\t\t<div class=\"elementor-widget-wrap elementor-element-populated\">\n\t\t\t\t\t\t<div class=\"elementor-element elementor-element-ae951ca elementor-widget elementor-widget-image\" data-id=\"ae951ca\" data-element_type=\"widget\" data-widget_type=\"image.default\">\n\t\t\t\t<div class=\"elementor-widget-container\">\n\t\t\t\t\t\t\t\t\t\t\t\t\t\t\t<img decoding=\"async\" src=\"https:\/\/pakoline.com\/wp-content\/uploads\/elementor\/thumbs\/WhatsApp-Image-2025-02-25-at-15.13.03-rid84s7qbf3fqef9thmd5ppmf785l5sp4ghwuzpjr4.jpeg\" title=\"Lot de v\u00eatements outlet en gros \u2013 Pakoline\" alt=\"Lot de v\u00eatements outlet en gros \u2013 Pakoline\" loading=\"lazy\" \/>\t\t\t\t\t\t\t\t\t\t\t\t\t\t\t<\/div>\n\t\t\t\t<\/div>\n\t\t\t\t<div class=\"elementor-element elementor-element-5db3693 elementor-widget elementor-widget-spacer\" data-id=\"5db3693\" data-element_type=\"widget\" data-widget_type=\"spacer.default\">\n\t\t\t\t<div class=\"elementor-widget-container\">\n\t\t\t\t\t\t\t<div class=\"elementor-spacer\">\n\t\t\t<div class=\"elementor-spacer-inner\"><\/div>\n\t\t<\/div>\n\t\t\t\t\t\t<\/div>\n\t\t\t\t<\/div>\n\t\t\t\t<div class=\"elementor-element elementor-element-ffcbdd0 elementor-widget elementor-widget-spacer\" data-id=\"ffcbdd0\" data-element_type=\"widget\" data-widget_type=\"spacer.default\">\n\t\t\t\t<div class=\"elementor-widget-container\">\n\t\t\t\t\t\t\t<div class=\"elementor-spacer\">\n\t\t\t<div class=\"elementor-spacer-inner\"><\/div>\n\t\t<\/div>\n\t\t\t\t\t\t<\/div>\n\t\t\t\t<\/div>\n\t\t\t\t\t<\/div>\n\t\t<\/div>\n\t\t\t\t<div class=\"elementor-column elementor-col-50 elementor-top-column elementor-element elementor-element-b962ed3\" data-id=\"b962ed3\" data-element_type=\"column\">\n\t\t\t<div class=\"elementor-widget-wrap elementor-element-populated\">\n\t\t\t\t\t\t<div class=\"elementor-element elementor-element-e15cfa8 elementor-widget elementor-widget-image\" data-id=\"e15cfa8\" data-element_type=\"widget\" data-widget_type=\"image.default\">\n\t\t\t\t<div class=\"elementor-widget-container\">\n\t\t\t\t\t\t\t\t\t\t\t\t\t\t\t<img decoding=\"async\" src=\"https:\/\/pakoline.com\/wp-content\/uploads\/elementor\/thumbs\/12-high-cuohlt-e1740510567652-rid84s7qbf3fqef9thmd5ppmf785l5sp4ghwuzpjr4.webp\" title=\"Stock de v\u00eatements outlet pour commer\u00e7ants et revendeurs\" alt=\"Stock de v\u00eatements outlet pour commer\u00e7ants et revendeurs\" loading=\"lazy\" \/>\t\t\t\t\t\t\t\t\t\t\t\t\t\t\t<\/div>\n\t\t\t\t<\/div>\n\t\t\t\t<div class=\"elementor-element elementor-element-e38c357 elementor-widget elementor-widget-spacer\" data-id=\"e38c357\" data-element_type=\"widget\" data-widget_type=\"spacer.default\">\n\t\t\t\t<div class=\"elementor-widget-container\">\n\t\t\t\t\t\t\t<div class=\"elementor-spacer\">\n\t\t\t<div class=\"elementor-spacer-inner\"><\/div>\n\t\t<\/div>\n\t\t\t\t\t\t<\/div>\n\t\t\t\t<\/div>\n\t\t\t\t<div class=\"elementor-element elementor-element-0dce06c elementor-widget elementor-widget-spacer\" data-id=\"0dce06c\" data-element_type=\"widget\" data-widget_type=\"spacer.default\">\n\t\t\t\t<div class=\"elementor-widget-container\">\n\t\t\t\t\t\t\t<div class=\"elementor-spacer\">\n\t\t\t<div class=\"elementor-spacer-inner\"><\/div>\n\t\t<\/div>\n\t\t\t\t\t\t<\/div>\n\t\t\t\t<\/div>\n\t\t\t\t\t<\/div>\n\t\t<\/div>\n\t\t\t\t\t<\/div>\n\t\t<\/section>\n\t\t\t\t<\/div>","protected":false},"excerpt":{"rendered":"<p>Outlet L\u2019outlet dans le secteur de la friperie d\u00e9signe des v\u00eatements neufs avec \u00e9tiquettes. Des articles qui proviennent des surplus de stocks, des fins de collections ou des invendus de grandes marques. Contrairement \u00e0 la friperie classique, ces articles n\u2019ont jamais \u00e9t\u00e9 port\u00e9s. Pourquoi choisir des v\u00eatements outlet ? Nos clients choisissent les v\u00eatements Outlet&hellip;<\/p>","protected":false},"author":1,"featured_media":0,"parent":348,"menu_order":0,"comment_status":"closed","ping_status":"closed","template":"","meta":{"footnotes":""},"class_list":["post-6864","page","type-page","status-publish","hentry"],"yoast_head":"<!-- This site is optimized with the Yoast SEO plugin v26.5 - https:\/\/yoast.com\/wordpress\/plugins\/seo\/ -->\n<title>V\u00eatements Outlet en Gros \u2013 Friperie Prix d\u2019usine - PAKOLINE<\/title>\n<meta name=\"description\" content=\"Achetez des v\u00eatements outlet en gros chez Pakoline ! Petits prix &amp; grandes marques pour les boutiques de pr\u00eat \u00e0 porter. D\u00e9couvrez nos offres\" \/>\n<meta name=\"robots\" content=\"index, follow, max-snippet:-1, max-image-preview:large, max-video-preview:-1\" \/>\n<link rel=\"canonical\" href=\"https:\/\/pakoline.com\/it\/produits\/vetements-outlet\/\" \/>\n<meta property=\"og:locale\" content=\"it_IT\" \/>\n<meta property=\"og:type\" content=\"article\" \/>\n<meta property=\"og:title\" content=\"V\u00eatements Outlet en Gros \u2013 Friperie Prix d\u2019usine - PAKOLINE\" \/>\n<meta property=\"og:description\" content=\"Achetez des v\u00eatements outlet en gros chez Pakoline ! Petits prix &amp; grandes marques pour les boutiques de pr\u00eat \u00e0 porter. D\u00e9couvrez nos offres\" \/>\n<meta property=\"og:url\" content=\"https:\/\/pakoline.com\/it\/produits\/vetements-outlet\/\" \/>\n<meta property=\"og:site_name\" content=\"PAKOLINE\" \/>\n<meta property=\"article:modified_time\" content=\"2025-04-10T12:25:18+00:00\" \/>\n<meta property=\"og:image\" content=\"https:\/\/pakoline.com\/wp-content\/uploads\/elementor\/thumbs\/WhatsApp-Image-2025-02-25-at-15.13.03-r21fc98r9214xcrgrph1rw8lbbwtzx5elboxgdpglc.jpeg\" \/>\n<meta name=\"twitter:card\" content=\"summary_large_image\" \/>\n<meta name=\"twitter:label1\" content=\"Tempo di lettura stimato\" \/>\n\t<meta name=\"twitter:data1\" content=\"2 minuti\" \/>\n<script type=\"application\/ld+json\" class=\"yoast-schema-graph\">{\"@context\":\"https:\/\/schema.org\",\"@graph\":[{\"@type\":\"WebPage\",\"@id\":\"https:\/\/pakoline.com\/produits\/vetements-outlet\/\",\"url\":\"https:\/\/pakoline.com\/produits\/vetements-outlet\/\",\"name\":\"V\u00eatements Outlet en Gros \u2013 Friperie Prix d\u2019usine - PAKOLINE\",\"isPartOf\":{\"@id\":\"https:\/\/pakoline.com\/#website\"},\"primaryImageOfPage\":{\"@id\":\"https:\/\/pakoline.com\/produits\/vetements-outlet\/#primaryimage\"},\"image\":{\"@id\":\"https:\/\/pakoline.com\/produits\/vetements-outlet\/#primaryimage\"},\"thumbnailUrl\":\"https:\/\/pakoline.com\/wp-content\/uploads\/elementor\/thumbs\/WhatsApp-Image-2025-02-25-at-15.13.03-r21fc98r9214xcrgrph1rw8lbbwtzx5elboxgdpglc.jpeg\",\"datePublished\":\"2025-02-23T16:07:23+00:00\",\"dateModified\":\"2025-04-10T12:25:18+00:00\",\"description\":\"Achetez des v\u00eatements outlet en gros chez Pakoline ! Petits prix & grandes marques pour les boutiques de pr\u00eat \u00e0 porter. D\u00e9couvrez nos offres\",\"breadcrumb\":{\"@id\":\"https:\/\/pakoline.com\/produits\/vetements-outlet\/#breadcrumb\"},\"inLanguage\":\"it-IT\",\"potentialAction\":[{\"@type\":\"ReadAction\",\"target\":[\"https:\/\/pakoline.com\/produits\/vetements-outlet\/\"]}]},{\"@type\":\"ImageObject\",\"inLanguage\":\"it-IT\",\"@id\":\"https:\/\/pakoline.com\/produits\/vetements-outlet\/#primaryimage\",\"url\":\"https:\/\/pakoline.com\/wp-content\/uploads\/elementor\/thumbs\/WhatsApp-Image-2025-02-25-at-15.13.03-r21fc98r9214xcrgrph1rw8lbbwtzx5elboxgdpglc.jpeg\",\"contentUrl\":\"https:\/\/pakoline.com\/wp-content\/uploads\/elementor\/thumbs\/WhatsApp-Image-2025-02-25-at-15.13.03-r21fc98r9214xcrgrph1rw8lbbwtzx5elboxgdpglc.jpeg\"},{\"@type\":\"BreadcrumbList\",\"@id\":\"https:\/\/pakoline.com\/produits\/vetements-outlet\/#breadcrumb\",\"itemListElement\":[{\"@type\":\"ListItem\",\"position\":1,\"name\":\"Accueil\",\"item\":\"https:\/\/pakoline.com\/\"},{\"@type\":\"ListItem\",\"position\":2,\"name\":\"Produits\",\"item\":\"https:\/\/pakoline.com\/produits\/\"},{\"@type\":\"ListItem\",\"position\":3,\"name\":\"Outlet\"}]},{\"@type\":\"WebSite\",\"@id\":\"https:\/\/pakoline.com\/#website\",\"url\":\"https:\/\/pakoline.com\/\",\"name\":\"PAKOLINE\",\"description\":\"\",\"publisher\":{\"@id\":\"https:\/\/pakoline.com\/#organization\"},\"potentialAction\":[{\"@type\":\"SearchAction\",\"target\":{\"@type\":\"EntryPoint\",\"urlTemplate\":\"https:\/\/pakoline.com\/?s={search_term_string}\"},\"query-input\":{\"@type\":\"PropertyValueSpecification\",\"valueRequired\":true,\"valueName\":\"search_term_string\"}}],\"inLanguage\":\"it-IT\"},{\"@type\":\"Organization\",\"@id\":\"https:\/\/pakoline.com\/#organization\",\"name\":\"PAKOLINE\",\"url\":\"https:\/\/pakoline.com\/\",\"logo\":{\"@type\":\"ImageObject\",\"inLanguage\":\"it-IT\",\"@id\":\"https:\/\/pakoline.com\/#\/schema\/logo\/image\/\",\"url\":\"https:\/\/pakoline.com\/wp-content\/uploads\/2025\/02\/cropped-FAV_ICON_2.png\",\"contentUrl\":\"https:\/\/pakoline.com\/wp-content\/uploads\/2025\/02\/cropped-FAV_ICON_2.png\",\"width\":512,\"height\":512,\"caption\":\"PAKOLINE\"},\"image\":{\"@id\":\"https:\/\/pakoline.com\/#\/schema\/logo\/image\/\"}}]}<\/script>\n<!-- \/ Yoast SEO plugin. -->","yoast_head_json":{"title":"V\u00eatements Outlet en Gros \u2013 Friperie Prix d\u2019usine - PAKOLINE","description":"Achetez des v\u00eatements outlet en gros chez Pakoline ! Petits prix & grandes marques pour les boutiques de pr\u00eat \u00e0 porter. D\u00e9couvrez nos offres","robots":{"index":"index","follow":"follow","max-snippet":"max-snippet:-1","max-image-preview":"max-image-preview:large","max-video-preview":"max-video-preview:-1"},"canonical":"https:\/\/pakoline.com\/it\/produits\/vetements-outlet\/","og_locale":"it_IT","og_type":"article","og_title":"V\u00eatements Outlet en Gros \u2013 Friperie Prix d\u2019usine - PAKOLINE","og_description":"Achetez des v\u00eatements outlet en gros chez Pakoline ! Petits prix & grandes marques pour les boutiques de pr\u00eat \u00e0 porter. D\u00e9couvrez nos offres","og_url":"https:\/\/pakoline.com\/it\/produits\/vetements-outlet\/","og_site_name":"PAKOLINE","article_modified_time":"2025-04-10T12:25:18+00:00","og_image":[{"url":"https:\/\/pakoline.com\/wp-content\/uploads\/elementor\/thumbs\/WhatsApp-Image-2025-02-25-at-15.13.03-r21fc98r9214xcrgrph1rw8lbbwtzx5elboxgdpglc.jpeg","type":"","width":"","height":""}],"twitter_card":"summary_large_image","twitter_misc":{"Tempo di lettura stimato":"2 minuti"},"schema":{"@context":"https:\/\/schema.org","@graph":[{"@type":"WebPage","@id":"https:\/\/pakoline.com\/produits\/vetements-outlet\/","url":"https:\/\/pakoline.com\/produits\/vetements-outlet\/","name":"V\u00eatements Outlet en Gros \u2013 Friperie Prix d\u2019usine - PAKOLINE","isPartOf":{"@id":"https:\/\/pakoline.com\/#website"},"primaryImageOfPage":{"@id":"https:\/\/pakoline.com\/produits\/vetements-outlet\/#primaryimage"},"image":{"@id":"https:\/\/pakoline.com\/produits\/vetements-outlet\/#primaryimage"},"thumbnailUrl":"https:\/\/pakoline.com\/wp-content\/uploads\/elementor\/thumbs\/WhatsApp-Image-2025-02-25-at-15.13.03-r21fc98r9214xcrgrph1rw8lbbwtzx5elboxgdpglc.jpeg","datePublished":"2025-02-23T16:07:23+00:00","dateModified":"2025-04-10T12:25:18+00:00","description":"Achetez des v\u00eatements outlet en gros chez Pakoline ! Petits prix & grandes marques pour les boutiques de pr\u00eat \u00e0 porter. D\u00e9couvrez nos offres","breadcrumb":{"@id":"https:\/\/pakoline.com\/produits\/vetements-outlet\/#breadcrumb"},"inLanguage":"it-IT","potentialAction":[{"@type":"ReadAction","target":["https:\/\/pakoline.com\/produits\/vetements-outlet\/"]}]},{"@type":"ImageObject","inLanguage":"it-IT","@id":"https:\/\/pakoline.com\/produits\/vetements-outlet\/#primaryimage","url":"https:\/\/pakoline.com\/wp-content\/uploads\/elementor\/thumbs\/WhatsApp-Image-2025-02-25-at-15.13.03-r21fc98r9214xcrgrph1rw8lbbwtzx5elboxgdpglc.jpeg","contentUrl":"https:\/\/pakoline.com\/wp-content\/uploads\/elementor\/thumbs\/WhatsApp-Image-2025-02-25-at-15.13.03-r21fc98r9214xcrgrph1rw8lbbwtzx5elboxgdpglc.jpeg"},{"@type":"BreadcrumbList","@id":"https:\/\/pakoline.com\/produits\/vetements-outlet\/#breadcrumb","itemListElement":[{"@type":"ListItem","position":1,"name":"Accueil","item":"https:\/\/pakoline.com\/"},{"@type":"ListItem","position":2,"name":"Produits","item":"https:\/\/pakoline.com\/produits\/"},{"@type":"ListItem","position":3,"name":"Outlet"}]},{"@type":"WebSite","@id":"https:\/\/pakoline.com\/#website","url":"https:\/\/pakoline.com\/","name":"PAKOLINE","description":"","publisher":{"@id":"https:\/\/pakoline.com\/#organization"},"potentialAction":[{"@type":"SearchAction","target":{"@type":"EntryPoint","urlTemplate":"https:\/\/pakoline.com\/?s={search_term_string}"},"query-input":{"@type":"PropertyValueSpecification","valueRequired":true,"valueName":"search_term_string"}}],"inLanguage":"it-IT"},{"@type":"Organization","@id":"https:\/\/pakoline.com\/#organization","name":"PAKOLINE","url":"https:\/\/pakoline.com\/","logo":{"@type":"ImageObject","inLanguage":"it-IT","@id":"https:\/\/pakoline.com\/#\/schema\/logo\/image\/","url":"https:\/\/pakoline.com\/wp-content\/uploads\/2025\/02\/cropped-FAV_ICON_2.png","contentUrl":"https:\/\/pakoline.com\/wp-content\/uploads\/2025\/02\/cropped-FAV_ICON_2.png","width":512,"height":512,"caption":"PAKOLINE"},"image":{"@id":"https:\/\/pakoline.com\/#\/schema\/logo\/image\/"}}]}},"_links":{"self":[{"href":"https:\/\/pakoline.com\/it\/wp-json\/wp\/v2\/pages\/6864","targetHints":{"allow":["GET"]}}],"collection":[{"href":"https:\/\/pakoline.com\/it\/wp-json\/wp\/v2\/pages"}],"about":[{"href":"https:\/\/pakoline.com\/it\/wp-json\/wp\/v2\/types\/page"}],"author":[{"embeddable":true,"href":"https:\/\/pakoline.com\/it\/wp-json\/wp\/v2\/users\/1"}],"replies":[{"embeddable":true,"href":"https:\/\/pakoline.com\/it\/wp-json\/wp\/v2\/comments?post=6864"}],"version-history":[{"count":29,"href":"https:\/\/pakoline.com\/it\/wp-json\/wp\/v2\/pages\/6864\/revisions"}],"predecessor-version":[{"id":7649,"href":"https:\/\/pakoline.com\/it\/wp-json\/wp\/v2\/pages\/6864\/revisions\/7649"}],"up":[{"embeddable":true,"href":"https:\/\/pakoline.com\/it\/wp-json\/wp\/v2\/pages\/348"}],"wp:attachment":[{"href":"https:\/\/pakoline.com\/it\/wp-json\/wp\/v2\/media?parent=6864"}],"curies":[{"name":"wp","href":"https:\/\/api.w.org\/{rel}","templated":true}]}}