{"id":6859,"date":"2025-02-23T17:01:40","date_gmt":"2025-02-23T16:01:40","guid":{"rendered":"https:\/\/pakoline.com\/?page_id=6859"},"modified":"2025-03-27T01:52:04","modified_gmt":"2025-03-27T00:52:04","slug":"super-creme","status":"publish","type":"page","link":"https:\/\/pakoline.com\/it\/produits\/super-creme\/","title":{"rendered":"Super Crema"},"content":{"rendered":"<div data-elementor-type=\"wp-page\" data-elementor-id=\"6859\" class=\"elementor elementor-6859\" data-elementor-post-type=\"page\">\n\t\t\t\t\t\t<section class=\"elementor-section elementor-top-section elementor-element elementor-element-a41775f elementor-section-content-middle elementor-section-boxed elementor-section-height-default elementor-section-height-default\" data-id=\"a41775f\" data-element_type=\"section\">\n\t\t\t\t\t\t<div class=\"elementor-container elementor-column-gap-wider\">\n\t\t\t\t\t<div class=\"elementor-column elementor-col-100 elementor-top-column elementor-element elementor-element-171ca28\" data-id=\"171ca28\" data-element_type=\"column\">\n\t\t\t<div class=\"elementor-widget-wrap elementor-element-populated\">\n\t\t\t\t\t\t<div class=\"elementor-element elementor-element-03ff5d6 elementor-widget__width-initial elementor-widget elementor-widget-heading\" data-id=\"03ff5d6\" data-element_type=\"widget\" data-widget_type=\"heading.default\">\n\t\t\t\t<div class=\"elementor-widget-container\">\n\t\t\t\t\t<h2 class=\"elementor-heading-title elementor-size-default\">Super Crema<\/h2>\t\t\t\t<\/div>\n\t\t\t\t<\/div>\n\t\t\t\t<div class=\"elementor-element elementor-element-9985dd1 elementor-widget elementor-widget-text-editor\" data-id=\"9985dd1\" data-element_type=\"widget\" data-widget_type=\"text-editor.default\">\n\t\t\t\t<div class=\"elementor-widget-container\">\n\t\t\t\t\t\t\t\t\t<p class=\"p1\">\"Super Cream\" \u00e8 la migliore qualit\u00e0 di abbigliamento da negozio dell'usato. Gli abiti sono praticamente nuovi, senza difetti visibili e sono delle marche pi\u00f9 ricercate. Vengono accuratamente selezionati per garantirne condizioni impeccabili, il che li rende particolarmente appetibili per le boutique di pr\u00eat-\u00e0-porter e i rivenditori pi\u00f9 esigenti.<\/p><p class=\"p1\"><b>Perch\u00e9 scegliere le palline Super Cream?<\/b><\/p><p class=\"p1\">Tra i vantaggi della palla per vestiti super crema abbiamo:<br \/>&#8211; <b>Condizioni impeccabili<\/b> : vestiti puliti, senza macchie o strappi.<br \/>&#8211; <b>Marchi ricercati<\/b> : selezione di capi di abbigliamento di marchi apprezzati dalla clientela.<br \/>&#8211; <b>Rivendita rapida<\/b> : ideale per i commercianti che vogliono fidelizzare i clienti con prodotti di qualit\u00e0.<\/p><p class=\"p1\">Per la categoria di abbigliamento Super Cr\u00e8me ci impegniamo a garantire una qualit\u00e0 costante in tutte le balle.<br \/>Inoltre, offriamo supporto personalizzato e una fornitura costante in tutto il <strong>Senegal<\/strong> tramite il nostro servizio di consegna.<\/p><p><em>\u2022<\/em>\u00a0<a href=\"https:\/\/pakoline.com\/it\/produits\/\" target=\"_blank\" rel=\"noopener\">Vedi tutte le qualit\u00e0<\/a>\u00a0<br \/><em>\u2022<\/em>\u00a0<a style=\"background-color: rgba(255, 255, 255, 0); letter-spacing: var(--the7-base-letter-spacing); text-transform: var(--the7-base-text-transform); word-spacing: normal;\" href=\"https:\/\/pakoline.com\/it\/choisir-balles-vetements\/\" target=\"_blank\" rel=\"noopener\">I nostri consigli per la scelta del tuo stock<\/a><\/p>\t\t\t\t\t\t\t\t<\/div>\n\t\t\t\t<\/div>\n\t\t\t\t\t<\/div>\n\t\t<\/div>\n\t\t\t\t\t<\/div>\n\t\t<\/section>\n\t\t\t\t<section class=\"elementor-section elementor-top-section elementor-element elementor-element-c5b93de elementor-reverse-mobile elementor-section-boxed elementor-section-height-default elementor-section-height-default\" data-id=\"c5b93de\" data-element_type=\"section\">\n\t\t\t\t\t\t<div class=\"elementor-container elementor-column-gap-wider\">\n\t\t\t\t\t<div class=\"elementor-column elementor-col-50 elementor-top-column elementor-element elementor-element-91c43a2\" data-id=\"91c43a2\" data-element_type=\"column\">\n\t\t\t<div class=\"elementor-widget-wrap elementor-element-populated\">\n\t\t\t\t\t\t<div class=\"elementor-element elementor-element-b68c29c elementor-widget elementor-widget-image\" data-id=\"b68c29c\" data-element_type=\"widget\" data-widget_type=\"image.default\">\n\t\t\t\t<div class=\"elementor-widget-container\">\n\t\t\t\t\t\t\t\t\t\t\t\t\t\t\t<img decoding=\"async\" src=\"https:\/\/pakoline.com\/wp-content\/uploads\/elementor\/thumbs\/WhatsApp-Image-2025-02-25-at-14.53.29-2-rid84s7qbf3fqef9thmd5ppmf785l5sp4ghwuzpjr4.jpeg\" title=\"WhatsApp Image 2025-02-25 at 14.53.29 (2)\" alt=\"WhatsApp Image 2025-02-25 at 14.53.29 (2)\" loading=\"lazy\" \/>\t\t\t\t\t\t\t\t\t\t\t\t\t\t\t<\/div>\n\t\t\t\t<\/div>\n\t\t\t\t\t<\/div>\n\t\t<\/div>\n\t\t\t\t<div class=\"elementor-column elementor-col-50 elementor-top-column elementor-element elementor-element-05a8eeb\" data-id=\"05a8eeb\" data-element_type=\"column\">\n\t\t\t<div class=\"elementor-widget-wrap elementor-element-populated\">\n\t\t\t\t\t\t<div class=\"elementor-element elementor-element-580a92e elementor-widget elementor-widget-image\" data-id=\"580a92e\" data-element_type=\"widget\" data-widget_type=\"image.default\">\n\t\t\t\t<div class=\"elementor-widget-container\">\n\t\t\t\t\t\t\t\t\t\t\t\t\t\t\t<img decoding=\"async\" src=\"https:\/\/pakoline.com\/wp-content\/uploads\/elementor\/thumbs\/vetements-avec-etiquette-rid84t5ki94q20dwo00zq7h30l3isuwfgl5ec9o5kw.webp\" title=\"vetements-avec-etiquette\" alt=\"vetements-avec-etiquette\" loading=\"lazy\" \/>\t\t\t\t\t\t\t\t\t\t\t\t\t\t\t<\/div>\n\t\t\t\t<\/div>\n\t\t\t\t<div class=\"elementor-element elementor-element-9770abe elementor-widget elementor-widget-spacer\" data-id=\"9770abe\" data-element_type=\"widget\" data-widget_type=\"spacer.default\">\n\t\t\t\t<div class=\"elementor-widget-container\">\n\t\t\t\t\t\t\t<div class=\"elementor-spacer\">\n\t\t\t<div class=\"elementor-spacer-inner\"><\/div>\n\t\t<\/div>\n\t\t\t\t\t\t<\/div>\n\t\t\t\t<\/div>\n\t\t\t\t\t<\/div>\n\t\t<\/div>\n\t\t\t\t\t<\/div>\n\t\t<\/section>\n\t\t\t\t<\/div>","protected":false},"excerpt":{"rendered":"<p>Super Cr\u00e8me La \u00ab\u00a0Super Cr\u00e8me\u00a0\u00bb est la meilleure qualit\u00e9 de v\u00eatements de friperie. Les v\u00eatements sont presque neufs, sans d\u00e9fauts visibles, et issus des marques les plus recherch\u00e9es. Ils sont soigneusement tri\u00e9s pour garantir un \u00e9tat impeccable, ce qui les rend particuli\u00e8rement attractifs pour les boutiques de pr\u00eat-\u00e0-porter et les d\u00e9taillants exigeants. Pourquoi choisir des&hellip;<\/p>","protected":false},"author":1,"featured_media":0,"parent":348,"menu_order":0,"comment_status":"closed","ping_status":"closed","template":"","meta":{"footnotes":""},"class_list":["post-6859","page","type-page","status-publish","hentry"],"yoast_head":"<!-- This site is optimized with the Yoast SEO plugin v26.5 - https:\/\/yoast.com\/wordpress\/plugins\/seo\/ -->\n<title>Super Cr\u00e8me \u2013 Friperie Haut de Gamme en Gros - PAKOLINE<\/title>\n<meta name=\"description\" content=\"D\u00e9couvrez nos balles de v\u00eatements Super Cr\u00e8me : une s\u00e9lection de friperie haut de gamme. Qualit\u00e9 sup\u00e9rieure pour une revente rentable !\" \/>\n<meta name=\"robots\" content=\"index, follow, max-snippet:-1, max-image-preview:large, max-video-preview:-1\" \/>\n<link rel=\"canonical\" href=\"https:\/\/pakoline.com\/it\/produits\/super-creme\/\" \/>\n<meta property=\"og:locale\" content=\"it_IT\" \/>\n<meta property=\"og:type\" content=\"article\" \/>\n<meta property=\"og:title\" content=\"Super Cr\u00e8me \u2013 Friperie Haut de Gamme en Gros - PAKOLINE\" \/>\n<meta property=\"og:description\" content=\"D\u00e9couvrez nos balles de v\u00eatements Super Cr\u00e8me : une s\u00e9lection de friperie haut de gamme. Qualit\u00e9 sup\u00e9rieure pour une revente rentable !\" \/>\n<meta property=\"og:url\" content=\"https:\/\/pakoline.com\/it\/produits\/super-creme\/\" \/>\n<meta property=\"og:site_name\" content=\"PAKOLINE\" \/>\n<meta property=\"article:modified_time\" content=\"2025-03-27T00:52:04+00:00\" \/>\n<meta property=\"og:image\" content=\"https:\/\/pakoline.com\/wp-content\/uploads\/elementor\/thumbs\/WhatsApp-Image-2025-02-25-at-14.53.29-2-r21g3yjio9yd3miu06k7reknl5d9us4m2fv3ihvpvk.jpeg\" \/>\n<meta name=\"twitter:card\" content=\"summary_large_image\" \/>\n<meta name=\"twitter:label1\" content=\"Tempo di lettura stimato\" \/>\n\t<meta name=\"twitter:data1\" content=\"2 minuti\" \/>\n<script type=\"application\/ld+json\" class=\"yoast-schema-graph\">{\"@context\":\"https:\/\/schema.org\",\"@graph\":[{\"@type\":\"WebPage\",\"@id\":\"https:\/\/pakoline.com\/produits\/super-creme\/\",\"url\":\"https:\/\/pakoline.com\/produits\/super-creme\/\",\"name\":\"Super Cr\u00e8me \u2013 Friperie Haut de Gamme en Gros - PAKOLINE\",\"isPartOf\":{\"@id\":\"https:\/\/pakoline.com\/#website\"},\"primaryImageOfPage\":{\"@id\":\"https:\/\/pakoline.com\/produits\/super-creme\/#primaryimage\"},\"image\":{\"@id\":\"https:\/\/pakoline.com\/produits\/super-creme\/#primaryimage\"},\"thumbnailUrl\":\"https:\/\/pakoline.com\/wp-content\/uploads\/elementor\/thumbs\/WhatsApp-Image-2025-02-25-at-14.53.29-2-r21g3yjio9yd3miu06k7reknl5d9us4m2fv3ihvpvk.jpeg\",\"datePublished\":\"2025-02-23T16:01:40+00:00\",\"dateModified\":\"2025-03-27T00:52:04+00:00\",\"description\":\"D\u00e9couvrez nos balles de v\u00eatements Super Cr\u00e8me : une s\u00e9lection de friperie haut de gamme. Qualit\u00e9 sup\u00e9rieure pour une revente rentable !\",\"breadcrumb\":{\"@id\":\"https:\/\/pakoline.com\/produits\/super-creme\/#breadcrumb\"},\"inLanguage\":\"it-IT\",\"potentialAction\":[{\"@type\":\"ReadAction\",\"target\":[\"https:\/\/pakoline.com\/produits\/super-creme\/\"]}]},{\"@type\":\"ImageObject\",\"inLanguage\":\"it-IT\",\"@id\":\"https:\/\/pakoline.com\/produits\/super-creme\/#primaryimage\",\"url\":\"https:\/\/pakoline.com\/wp-content\/uploads\/elementor\/thumbs\/WhatsApp-Image-2025-02-25-at-14.53.29-2-r21g3yjio9yd3miu06k7reknl5d9us4m2fv3ihvpvk.jpeg\",\"contentUrl\":\"https:\/\/pakoline.com\/wp-content\/uploads\/elementor\/thumbs\/WhatsApp-Image-2025-02-25-at-14.53.29-2-r21g3yjio9yd3miu06k7reknl5d9us4m2fv3ihvpvk.jpeg\"},{\"@type\":\"BreadcrumbList\",\"@id\":\"https:\/\/pakoline.com\/produits\/super-creme\/#breadcrumb\",\"itemListElement\":[{\"@type\":\"ListItem\",\"position\":1,\"name\":\"Accueil\",\"item\":\"https:\/\/pakoline.com\/\"},{\"@type\":\"ListItem\",\"position\":2,\"name\":\"Produits\",\"item\":\"https:\/\/pakoline.com\/produits\/\"},{\"@type\":\"ListItem\",\"position\":3,\"name\":\"Super Cr\u00e8me\"}]},{\"@type\":\"WebSite\",\"@id\":\"https:\/\/pakoline.com\/#website\",\"url\":\"https:\/\/pakoline.com\/\",\"name\":\"PAKOLINE\",\"description\":\"\",\"publisher\":{\"@id\":\"https:\/\/pakoline.com\/#organization\"},\"potentialAction\":[{\"@type\":\"SearchAction\",\"target\":{\"@type\":\"EntryPoint\",\"urlTemplate\":\"https:\/\/pakoline.com\/?s={search_term_string}\"},\"query-input\":{\"@type\":\"PropertyValueSpecification\",\"valueRequired\":true,\"valueName\":\"search_term_string\"}}],\"inLanguage\":\"it-IT\"},{\"@type\":\"Organization\",\"@id\":\"https:\/\/pakoline.com\/#organization\",\"name\":\"PAKOLINE\",\"url\":\"https:\/\/pakoline.com\/\",\"logo\":{\"@type\":\"ImageObject\",\"inLanguage\":\"it-IT\",\"@id\":\"https:\/\/pakoline.com\/#\/schema\/logo\/image\/\",\"url\":\"https:\/\/pakoline.com\/wp-content\/uploads\/2025\/02\/cropped-FAV_ICON_2.png\",\"contentUrl\":\"https:\/\/pakoline.com\/wp-content\/uploads\/2025\/02\/cropped-FAV_ICON_2.png\",\"width\":512,\"height\":512,\"caption\":\"PAKOLINE\"},\"image\":{\"@id\":\"https:\/\/pakoline.com\/#\/schema\/logo\/image\/\"}}]}<\/script>\n<!-- \/ Yoast SEO plugin. -->","yoast_head_json":{"title":"Super Cr\u00e8me \u2013 Friperie Haut de Gamme en Gros - PAKOLINE","description":"D\u00e9couvrez nos balles de v\u00eatements Super Cr\u00e8me : une s\u00e9lection de friperie haut de gamme. Qualit\u00e9 sup\u00e9rieure pour une revente rentable !","robots":{"index":"index","follow":"follow","max-snippet":"max-snippet:-1","max-image-preview":"max-image-preview:large","max-video-preview":"max-video-preview:-1"},"canonical":"https:\/\/pakoline.com\/it\/produits\/super-creme\/","og_locale":"it_IT","og_type":"article","og_title":"Super Cr\u00e8me \u2013 Friperie Haut de Gamme en Gros - PAKOLINE","og_description":"D\u00e9couvrez nos balles de v\u00eatements Super Cr\u00e8me : une s\u00e9lection de friperie haut de gamme. Qualit\u00e9 sup\u00e9rieure pour une revente rentable !","og_url":"https:\/\/pakoline.com\/it\/produits\/super-creme\/","og_site_name":"PAKOLINE","article_modified_time":"2025-03-27T00:52:04+00:00","og_image":[{"url":"https:\/\/pakoline.com\/wp-content\/uploads\/elementor\/thumbs\/WhatsApp-Image-2025-02-25-at-14.53.29-2-r21g3yjio9yd3miu06k7reknl5d9us4m2fv3ihvpvk.jpeg","type":"","width":"","height":""}],"twitter_card":"summary_large_image","twitter_misc":{"Tempo di lettura stimato":"2 minuti"},"schema":{"@context":"https:\/\/schema.org","@graph":[{"@type":"WebPage","@id":"https:\/\/pakoline.com\/produits\/super-creme\/","url":"https:\/\/pakoline.com\/produits\/super-creme\/","name":"Super Cr\u00e8me \u2013 Friperie Haut de Gamme en Gros - PAKOLINE","isPartOf":{"@id":"https:\/\/pakoline.com\/#website"},"primaryImageOfPage":{"@id":"https:\/\/pakoline.com\/produits\/super-creme\/#primaryimage"},"image":{"@id":"https:\/\/pakoline.com\/produits\/super-creme\/#primaryimage"},"thumbnailUrl":"https:\/\/pakoline.com\/wp-content\/uploads\/elementor\/thumbs\/WhatsApp-Image-2025-02-25-at-14.53.29-2-r21g3yjio9yd3miu06k7reknl5d9us4m2fv3ihvpvk.jpeg","datePublished":"2025-02-23T16:01:40+00:00","dateModified":"2025-03-27T00:52:04+00:00","description":"D\u00e9couvrez nos balles de v\u00eatements Super Cr\u00e8me : une s\u00e9lection de friperie haut de gamme. Qualit\u00e9 sup\u00e9rieure pour une revente rentable !","breadcrumb":{"@id":"https:\/\/pakoline.com\/produits\/super-creme\/#breadcrumb"},"inLanguage":"it-IT","potentialAction":[{"@type":"ReadAction","target":["https:\/\/pakoline.com\/produits\/super-creme\/"]}]},{"@type":"ImageObject","inLanguage":"it-IT","@id":"https:\/\/pakoline.com\/produits\/super-creme\/#primaryimage","url":"https:\/\/pakoline.com\/wp-content\/uploads\/elementor\/thumbs\/WhatsApp-Image-2025-02-25-at-14.53.29-2-r21g3yjio9yd3miu06k7reknl5d9us4m2fv3ihvpvk.jpeg","contentUrl":"https:\/\/pakoline.com\/wp-content\/uploads\/elementor\/thumbs\/WhatsApp-Image-2025-02-25-at-14.53.29-2-r21g3yjio9yd3miu06k7reknl5d9us4m2fv3ihvpvk.jpeg"},{"@type":"BreadcrumbList","@id":"https:\/\/pakoline.com\/produits\/super-creme\/#breadcrumb","itemListElement":[{"@type":"ListItem","position":1,"name":"Accueil","item":"https:\/\/pakoline.com\/"},{"@type":"ListItem","position":2,"name":"Produits","item":"https:\/\/pakoline.com\/produits\/"},{"@type":"ListItem","position":3,"name":"Super Cr\u00e8me"}]},{"@type":"WebSite","@id":"https:\/\/pakoline.com\/#website","url":"https:\/\/pakoline.com\/","name":"PAKOLINE","description":"","publisher":{"@id":"https:\/\/pakoline.com\/#organization"},"potentialAction":[{"@type":"SearchAction","target":{"@type":"EntryPoint","urlTemplate":"https:\/\/pakoline.com\/?s={search_term_string}"},"query-input":{"@type":"PropertyValueSpecification","valueRequired":true,"valueName":"search_term_string"}}],"inLanguage":"it-IT"},{"@type":"Organization","@id":"https:\/\/pakoline.com\/#organization","name":"PAKOLINE","url":"https:\/\/pakoline.com\/","logo":{"@type":"ImageObject","inLanguage":"it-IT","@id":"https:\/\/pakoline.com\/#\/schema\/logo\/image\/","url":"https:\/\/pakoline.com\/wp-content\/uploads\/2025\/02\/cropped-FAV_ICON_2.png","contentUrl":"https:\/\/pakoline.com\/wp-content\/uploads\/2025\/02\/cropped-FAV_ICON_2.png","width":512,"height":512,"caption":"PAKOLINE"},"image":{"@id":"https:\/\/pakoline.com\/#\/schema\/logo\/image\/"}}]}},"_links":{"self":[{"href":"https:\/\/pakoline.com\/it\/wp-json\/wp\/v2\/pages\/6859","targetHints":{"allow":["GET"]}}],"collection":[{"href":"https:\/\/pakoline.com\/it\/wp-json\/wp\/v2\/pages"}],"about":[{"href":"https:\/\/pakoline.com\/it\/wp-json\/wp\/v2\/types\/page"}],"author":[{"embeddable":true,"href":"https:\/\/pakoline.com\/it\/wp-json\/wp\/v2\/users\/1"}],"replies":[{"embeddable":true,"href":"https:\/\/pakoline.com\/it\/wp-json\/wp\/v2\/comments?post=6859"}],"version-history":[{"count":26,"href":"https:\/\/pakoline.com\/it\/wp-json\/wp\/v2\/pages\/6859\/revisions"}],"predecessor-version":[{"id":7583,"href":"https:\/\/pakoline.com\/it\/wp-json\/wp\/v2\/pages\/6859\/revisions\/7583"}],"up":[{"embeddable":true,"href":"https:\/\/pakoline.com\/it\/wp-json\/wp\/v2\/pages\/348"}],"wp:attachment":[{"href":"https:\/\/pakoline.com\/it\/wp-json\/wp\/v2\/media?parent=6859"}],"curies":[{"name":"wp","href":"https:\/\/api.w.org\/{rel}","templated":true}]}}