{"id":6859,"date":"2025-02-23T17:01:40","date_gmt":"2025-02-23T16:01:40","guid":{"rendered":"https:\/\/pakoline.com\/?page_id=6859"},"modified":"2025-03-27T01:52:04","modified_gmt":"2025-03-27T00:52:04","slug":"super-creme","status":"publish","type":"page","link":"https:\/\/pakoline.com\/en\/produits\/super-creme\/","title":{"rendered":"Super Cream"},"content":{"rendered":"<div data-elementor-type=\"wp-page\" data-elementor-id=\"6859\" class=\"elementor elementor-6859\" data-elementor-post-type=\"page\">\n\t\t\t\t\t\t<section class=\"elementor-section elementor-top-section elementor-element elementor-element-a41775f elementor-section-content-middle elementor-section-boxed elementor-section-height-default elementor-section-height-default\" data-id=\"a41775f\" data-element_type=\"section\">\n\t\t\t\t\t\t<div class=\"elementor-container elementor-column-gap-wider\">\n\t\t\t\t\t<div class=\"elementor-column elementor-col-100 elementor-top-column elementor-element elementor-element-171ca28\" data-id=\"171ca28\" data-element_type=\"column\">\n\t\t\t<div class=\"elementor-widget-wrap elementor-element-populated\">\n\t\t\t\t\t\t<div class=\"elementor-element elementor-element-03ff5d6 elementor-widget__width-initial elementor-widget elementor-widget-heading\" data-id=\"03ff5d6\" data-element_type=\"widget\" data-widget_type=\"heading.default\">\n\t\t\t\t<div class=\"elementor-widget-container\">\n\t\t\t\t\t<h2 class=\"elementor-heading-title elementor-size-default\">Super Cream<\/h2>\t\t\t\t<\/div>\n\t\t\t\t<\/div>\n\t\t\t\t<div class=\"elementor-element elementor-element-9985dd1 elementor-widget elementor-widget-text-editor\" data-id=\"9985dd1\" data-element_type=\"widget\" data-widget_type=\"text-editor.default\">\n\t\t\t\t<div class=\"elementor-widget-container\">\n\t\t\t\t\t\t\t\t\t<p class=\"p1\">La \u00ab\u00a0Super Cr\u00e8me\u00a0\u00bb est la meilleure qualit\u00e9 de v\u00eatements de friperie. Les v\u00eatements sont presque neufs, sans d\u00e9fauts visibles, et issus des marques les plus recherch\u00e9es. Ils sont soigneusement tri\u00e9s pour garantir un \u00e9tat impeccable, ce qui les rend particuli\u00e8rement attractifs pour les boutiques de pr\u00eat-\u00e0-porter et les d\u00e9taillants exigeants.<\/p><p class=\"p1\"><b>Pourquoi choisir des balles Super Cr\u00e8me ?<\/b><\/p><p class=\"p1\">Parmi les avantages de la balle de v\u00eatements super cr\u00e8me nous avons :<br \/>&#8211; <b>Impeccable condition<\/b> : v\u00eatements propres, sans taches, ni d\u00e9chirures.<br \/>&#8211; <b>Marques recherch\u00e9es<\/b> : s\u00e9lection de v\u00eatements de marques appr\u00e9ci\u00e9es par les clients.<br \/>&#8211; <b>Revente rapide<\/b> : id\u00e9al pour les commer\u00e7ants qui souhaitent fid\u00e9liser leur client\u00e8le avec de la qualit\u00e9.<\/p><p class=\"p1\">Pour la cat\u00e9gorie de v\u00eatements Super Cr\u00e8me nous nous engageons sur une qualit\u00e9 constante dans toutes les balles.<br \/>A cela s\u2019ajoute un service d\u2019accompagnement personnalis\u00e9 et un approvisionnement constant dans tout le <strong>S\u00e9n\u00e9gal<\/strong> \u00e0 travers notre service de livraison.<\/p><p><em>\u2022<\/em>\u00a0<a href=\"https:\/\/pakoline.com\/en\/produits\/\" target=\"_blank\" rel=\"noopener\">Voir toutes les qualit\u00e9s<\/a>\u00a0<br \/><em>\u2022<\/em>\u00a0<a style=\"background-color: rgba(255, 255, 255, 0); letter-spacing: var(--the7-base-letter-spacing); text-transform: var(--the7-base-text-transform); word-spacing: normal;\" href=\"https:\/\/pakoline.com\/en\/choisir-balles-vetements\/\" target=\"_blank\" rel=\"noopener\">Nos conseils pour bien choisir votre stock<\/a><\/p>\t\t\t\t\t\t\t\t<\/div>\n\t\t\t\t<\/div>\n\t\t\t\t\t<\/div>\n\t\t<\/div>\n\t\t\t\t\t<\/div>\n\t\t<\/section>\n\t\t\t\t<section class=\"elementor-section elementor-top-section elementor-element elementor-element-c5b93de elementor-reverse-mobile elementor-section-boxed elementor-section-height-default elementor-section-height-default\" data-id=\"c5b93de\" data-element_type=\"section\">\n\t\t\t\t\t\t<div class=\"elementor-container elementor-column-gap-wider\">\n\t\t\t\t\t<div class=\"elementor-column elementor-col-50 elementor-top-column elementor-element elementor-element-91c43a2\" data-id=\"91c43a2\" data-element_type=\"column\">\n\t\t\t<div class=\"elementor-widget-wrap elementor-element-populated\">\n\t\t\t\t\t\t<div class=\"elementor-element elementor-element-b68c29c elementor-widget elementor-widget-image\" data-id=\"b68c29c\" data-element_type=\"widget\" data-widget_type=\"image.default\">\n\t\t\t\t<div class=\"elementor-widget-container\">\n\t\t\t\t\t\t\t\t\t\t\t\t\t\t\t<img decoding=\"async\" src=\"https:\/\/pakoline.com\/wp-content\/uploads\/elementor\/thumbs\/WhatsApp-Image-2025-02-25-at-14.53.29-2-rid84s7qbf3fqef9thmd5ppmf785l5sp4ghwuzpjr4.jpeg\" title=\"WhatsApp Image 2025-02-25 at 14.53.29 (2)\" alt=\"WhatsApp Image 2025-02-25 at 14.53.29 (2)\" loading=\"lazy\" \/>\t\t\t\t\t\t\t\t\t\t\t\t\t\t\t<\/div>\n\t\t\t\t<\/div>\n\t\t\t\t\t<\/div>\n\t\t<\/div>\n\t\t\t\t<div class=\"elementor-column elementor-col-50 elementor-top-column elementor-element elementor-element-05a8eeb\" data-id=\"05a8eeb\" data-element_type=\"column\">\n\t\t\t<div class=\"elementor-widget-wrap elementor-element-populated\">\n\t\t\t\t\t\t<div class=\"elementor-element elementor-element-580a92e elementor-widget elementor-widget-image\" data-id=\"580a92e\" data-element_type=\"widget\" data-widget_type=\"image.default\">\n\t\t\t\t<div class=\"elementor-widget-container\">\n\t\t\t\t\t\t\t\t\t\t\t\t\t\t\t<img decoding=\"async\" src=\"https:\/\/pakoline.com\/wp-content\/uploads\/elementor\/thumbs\/vetements-avec-etiquette-rid84t5ki94q20dwo00zq7h30l3isuwfgl5ec9o5kw.webp\" title=\"vetements-avec-etiquette\" alt=\"vetements-avec-etiquette\" loading=\"lazy\" \/>\t\t\t\t\t\t\t\t\t\t\t\t\t\t\t<\/div>\n\t\t\t\t<\/div>\n\t\t\t\t<div class=\"elementor-element elementor-element-9770abe elementor-widget elementor-widget-spacer\" data-id=\"9770abe\" data-element_type=\"widget\" data-widget_type=\"spacer.default\">\n\t\t\t\t<div class=\"elementor-widget-container\">\n\t\t\t\t\t\t\t<div class=\"elementor-spacer\">\n\t\t\t<div class=\"elementor-spacer-inner\"><\/div>\n\t\t<\/div>\n\t\t\t\t\t\t<\/div>\n\t\t\t\t<\/div>\n\t\t\t\t\t<\/div>\n\t\t<\/div>\n\t\t\t\t\t<\/div>\n\t\t<\/section>\n\t\t\t\t<\/div>","protected":false},"excerpt":{"rendered":"<p>Super Cr\u00e8me La \u00ab\u00a0Super Cr\u00e8me\u00a0\u00bb est la meilleure qualit\u00e9 de v\u00eatements de friperie. Les v\u00eatements sont presque neufs, sans d\u00e9fauts visibles, et issus des marques les plus recherch\u00e9es. Ils sont soigneusement tri\u00e9s pour garantir un \u00e9tat impeccable, ce qui les rend particuli\u00e8rement attractifs pour les boutiques de pr\u00eat-\u00e0-porter et les d\u00e9taillants exigeants. Pourquoi choisir des&hellip;<\/p>","protected":false},"author":1,"featured_media":0,"parent":348,"menu_order":0,"comment_status":"closed","ping_status":"closed","template":"","meta":{"footnotes":""},"class_list":["post-6859","page","type-page","status-publish","hentry"],"yoast_head":"<!-- This site is optimized with the Yoast SEO plugin v26.5 - https:\/\/yoast.com\/wordpress\/plugins\/seo\/ -->\n<title>Super Cr\u00e8me \u2013 Friperie Haut de Gamme en Gros - PAKOLINE<\/title>\n<meta name=\"description\" content=\"D\u00e9couvrez nos balles de v\u00eatements Super Cr\u00e8me : une s\u00e9lection de friperie haut de gamme. Qualit\u00e9 sup\u00e9rieure pour une revente rentable !\" \/>\n<meta name=\"robots\" content=\"index, follow, max-snippet:-1, max-image-preview:large, max-video-preview:-1\" \/>\n<link rel=\"canonical\" href=\"https:\/\/pakoline.com\/en\/produits\/super-creme\/\" \/>\n<meta property=\"og:locale\" content=\"en_US\" \/>\n<meta property=\"og:type\" content=\"article\" \/>\n<meta property=\"og:title\" content=\"Super Cr\u00e8me \u2013 Friperie Haut de Gamme en Gros - PAKOLINE\" \/>\n<meta property=\"og:description\" content=\"D\u00e9couvrez nos balles de v\u00eatements Super Cr\u00e8me : une s\u00e9lection de friperie haut de gamme. Qualit\u00e9 sup\u00e9rieure pour une revente rentable !\" \/>\n<meta property=\"og:url\" content=\"https:\/\/pakoline.com\/en\/produits\/super-creme\/\" \/>\n<meta property=\"og:site_name\" content=\"PAKOLINE\" \/>\n<meta property=\"article:modified_time\" content=\"2025-03-27T00:52:04+00:00\" \/>\n<meta property=\"og:image\" content=\"https:\/\/pakoline.com\/wp-content\/uploads\/elementor\/thumbs\/WhatsApp-Image-2025-02-25-at-14.53.29-2-r21g3yjio9yd3miu06k7reknl5d9us4m2fv3ihvpvk.jpeg\" \/>\n<meta name=\"twitter:card\" content=\"summary_large_image\" \/>\n<meta name=\"twitter:label1\" content=\"Est. reading time\" \/>\n\t<meta name=\"twitter:data1\" content=\"2 minutes\" \/>\n<script type=\"application\/ld+json\" class=\"yoast-schema-graph\">{\"@context\":\"https:\/\/schema.org\",\"@graph\":[{\"@type\":\"WebPage\",\"@id\":\"https:\/\/pakoline.com\/produits\/super-creme\/\",\"url\":\"https:\/\/pakoline.com\/produits\/super-creme\/\",\"name\":\"Super Cr\u00e8me \u2013 Friperie Haut de Gamme en Gros - PAKOLINE\",\"isPartOf\":{\"@id\":\"https:\/\/pakoline.com\/#website\"},\"primaryImageOfPage\":{\"@id\":\"https:\/\/pakoline.com\/produits\/super-creme\/#primaryimage\"},\"image\":{\"@id\":\"https:\/\/pakoline.com\/produits\/super-creme\/#primaryimage\"},\"thumbnailUrl\":\"https:\/\/pakoline.com\/wp-content\/uploads\/elementor\/thumbs\/WhatsApp-Image-2025-02-25-at-14.53.29-2-r21g3yjio9yd3miu06k7reknl5d9us4m2fv3ihvpvk.jpeg\",\"datePublished\":\"2025-02-23T16:01:40+00:00\",\"dateModified\":\"2025-03-27T00:52:04+00:00\",\"description\":\"D\u00e9couvrez nos balles de v\u00eatements Super Cr\u00e8me : une s\u00e9lection de friperie haut de gamme. Qualit\u00e9 sup\u00e9rieure pour une revente rentable !\",\"breadcrumb\":{\"@id\":\"https:\/\/pakoline.com\/produits\/super-creme\/#breadcrumb\"},\"inLanguage\":\"en-US\",\"potentialAction\":[{\"@type\":\"ReadAction\",\"target\":[\"https:\/\/pakoline.com\/produits\/super-creme\/\"]}]},{\"@type\":\"ImageObject\",\"inLanguage\":\"en-US\",\"@id\":\"https:\/\/pakoline.com\/produits\/super-creme\/#primaryimage\",\"url\":\"https:\/\/pakoline.com\/wp-content\/uploads\/elementor\/thumbs\/WhatsApp-Image-2025-02-25-at-14.53.29-2-r21g3yjio9yd3miu06k7reknl5d9us4m2fv3ihvpvk.jpeg\",\"contentUrl\":\"https:\/\/pakoline.com\/wp-content\/uploads\/elementor\/thumbs\/WhatsApp-Image-2025-02-25-at-14.53.29-2-r21g3yjio9yd3miu06k7reknl5d9us4m2fv3ihvpvk.jpeg\"},{\"@type\":\"BreadcrumbList\",\"@id\":\"https:\/\/pakoline.com\/produits\/super-creme\/#breadcrumb\",\"itemListElement\":[{\"@type\":\"ListItem\",\"position\":1,\"name\":\"Accueil\",\"item\":\"https:\/\/pakoline.com\/\"},{\"@type\":\"ListItem\",\"position\":2,\"name\":\"Produits\",\"item\":\"https:\/\/pakoline.com\/produits\/\"},{\"@type\":\"ListItem\",\"position\":3,\"name\":\"Super Cr\u00e8me\"}]},{\"@type\":\"WebSite\",\"@id\":\"https:\/\/pakoline.com\/#website\",\"url\":\"https:\/\/pakoline.com\/\",\"name\":\"PAKOLINE\",\"description\":\"\",\"publisher\":{\"@id\":\"https:\/\/pakoline.com\/#organization\"},\"potentialAction\":[{\"@type\":\"SearchAction\",\"target\":{\"@type\":\"EntryPoint\",\"urlTemplate\":\"https:\/\/pakoline.com\/?s={search_term_string}\"},\"query-input\":{\"@type\":\"PropertyValueSpecification\",\"valueRequired\":true,\"valueName\":\"search_term_string\"}}],\"inLanguage\":\"en-US\"},{\"@type\":\"Organization\",\"@id\":\"https:\/\/pakoline.com\/#organization\",\"name\":\"PAKOLINE\",\"url\":\"https:\/\/pakoline.com\/\",\"logo\":{\"@type\":\"ImageObject\",\"inLanguage\":\"en-US\",\"@id\":\"https:\/\/pakoline.com\/#\/schema\/logo\/image\/\",\"url\":\"https:\/\/pakoline.com\/wp-content\/uploads\/2025\/02\/cropped-FAV_ICON_2.png\",\"contentUrl\":\"https:\/\/pakoline.com\/wp-content\/uploads\/2025\/02\/cropped-FAV_ICON_2.png\",\"width\":512,\"height\":512,\"caption\":\"PAKOLINE\"},\"image\":{\"@id\":\"https:\/\/pakoline.com\/#\/schema\/logo\/image\/\"}}]}<\/script>\n<!-- \/ Yoast SEO plugin. -->","yoast_head_json":{"title":"Super Cr\u00e8me \u2013 Friperie Haut de Gamme en Gros - PAKOLINE","description":"D\u00e9couvrez nos balles de v\u00eatements Super Cr\u00e8me : une s\u00e9lection de friperie haut de gamme. Qualit\u00e9 sup\u00e9rieure pour une revente rentable !","robots":{"index":"index","follow":"follow","max-snippet":"max-snippet:-1","max-image-preview":"max-image-preview:large","max-video-preview":"max-video-preview:-1"},"canonical":"https:\/\/pakoline.com\/en\/produits\/super-creme\/","og_locale":"en_US","og_type":"article","og_title":"Super Cr\u00e8me \u2013 Friperie Haut de Gamme en Gros - PAKOLINE","og_description":"D\u00e9couvrez nos balles de v\u00eatements Super Cr\u00e8me : une s\u00e9lection de friperie haut de gamme. Qualit\u00e9 sup\u00e9rieure pour une revente rentable !","og_url":"https:\/\/pakoline.com\/en\/produits\/super-creme\/","og_site_name":"PAKOLINE","article_modified_time":"2025-03-27T00:52:04+00:00","og_image":[{"url":"https:\/\/pakoline.com\/wp-content\/uploads\/elementor\/thumbs\/WhatsApp-Image-2025-02-25-at-14.53.29-2-r21g3yjio9yd3miu06k7reknl5d9us4m2fv3ihvpvk.jpeg","type":"","width":"","height":""}],"twitter_card":"summary_large_image","twitter_misc":{"Est. reading time":"2 minutes"},"schema":{"@context":"https:\/\/schema.org","@graph":[{"@type":"WebPage","@id":"https:\/\/pakoline.com\/produits\/super-creme\/","url":"https:\/\/pakoline.com\/produits\/super-creme\/","name":"Super Cr\u00e8me \u2013 Friperie Haut de Gamme en Gros - PAKOLINE","isPartOf":{"@id":"https:\/\/pakoline.com\/#website"},"primaryImageOfPage":{"@id":"https:\/\/pakoline.com\/produits\/super-creme\/#primaryimage"},"image":{"@id":"https:\/\/pakoline.com\/produits\/super-creme\/#primaryimage"},"thumbnailUrl":"https:\/\/pakoline.com\/wp-content\/uploads\/elementor\/thumbs\/WhatsApp-Image-2025-02-25-at-14.53.29-2-r21g3yjio9yd3miu06k7reknl5d9us4m2fv3ihvpvk.jpeg","datePublished":"2025-02-23T16:01:40+00:00","dateModified":"2025-03-27T00:52:04+00:00","description":"D\u00e9couvrez nos balles de v\u00eatements Super Cr\u00e8me : une s\u00e9lection de friperie haut de gamme. Qualit\u00e9 sup\u00e9rieure pour une revente rentable !","breadcrumb":{"@id":"https:\/\/pakoline.com\/produits\/super-creme\/#breadcrumb"},"inLanguage":"en-US","potentialAction":[{"@type":"ReadAction","target":["https:\/\/pakoline.com\/produits\/super-creme\/"]}]},{"@type":"ImageObject","inLanguage":"en-US","@id":"https:\/\/pakoline.com\/produits\/super-creme\/#primaryimage","url":"https:\/\/pakoline.com\/wp-content\/uploads\/elementor\/thumbs\/WhatsApp-Image-2025-02-25-at-14.53.29-2-r21g3yjio9yd3miu06k7reknl5d9us4m2fv3ihvpvk.jpeg","contentUrl":"https:\/\/pakoline.com\/wp-content\/uploads\/elementor\/thumbs\/WhatsApp-Image-2025-02-25-at-14.53.29-2-r21g3yjio9yd3miu06k7reknl5d9us4m2fv3ihvpvk.jpeg"},{"@type":"BreadcrumbList","@id":"https:\/\/pakoline.com\/produits\/super-creme\/#breadcrumb","itemListElement":[{"@type":"ListItem","position":1,"name":"Accueil","item":"https:\/\/pakoline.com\/"},{"@type":"ListItem","position":2,"name":"Produits","item":"https:\/\/pakoline.com\/produits\/"},{"@type":"ListItem","position":3,"name":"Super Cr\u00e8me"}]},{"@type":"WebSite","@id":"https:\/\/pakoline.com\/#website","url":"https:\/\/pakoline.com\/","name":"PAKOLINE","description":"","publisher":{"@id":"https:\/\/pakoline.com\/#organization"},"potentialAction":[{"@type":"SearchAction","target":{"@type":"EntryPoint","urlTemplate":"https:\/\/pakoline.com\/?s={search_term_string}"},"query-input":{"@type":"PropertyValueSpecification","valueRequired":true,"valueName":"search_term_string"}}],"inLanguage":"en-US"},{"@type":"Organization","@id":"https:\/\/pakoline.com\/#organization","name":"PAKOLINE","url":"https:\/\/pakoline.com\/","logo":{"@type":"ImageObject","inLanguage":"en-US","@id":"https:\/\/pakoline.com\/#\/schema\/logo\/image\/","url":"https:\/\/pakoline.com\/wp-content\/uploads\/2025\/02\/cropped-FAV_ICON_2.png","contentUrl":"https:\/\/pakoline.com\/wp-content\/uploads\/2025\/02\/cropped-FAV_ICON_2.png","width":512,"height":512,"caption":"PAKOLINE"},"image":{"@id":"https:\/\/pakoline.com\/#\/schema\/logo\/image\/"}}]}},"_links":{"self":[{"href":"https:\/\/pakoline.com\/en\/wp-json\/wp\/v2\/pages\/6859","targetHints":{"allow":["GET"]}}],"collection":[{"href":"https:\/\/pakoline.com\/en\/wp-json\/wp\/v2\/pages"}],"about":[{"href":"https:\/\/pakoline.com\/en\/wp-json\/wp\/v2\/types\/page"}],"author":[{"embeddable":true,"href":"https:\/\/pakoline.com\/en\/wp-json\/wp\/v2\/users\/1"}],"replies":[{"embeddable":true,"href":"https:\/\/pakoline.com\/en\/wp-json\/wp\/v2\/comments?post=6859"}],"version-history":[{"count":26,"href":"https:\/\/pakoline.com\/en\/wp-json\/wp\/v2\/pages\/6859\/revisions"}],"predecessor-version":[{"id":7583,"href":"https:\/\/pakoline.com\/en\/wp-json\/wp\/v2\/pages\/6859\/revisions\/7583"}],"up":[{"embeddable":true,"href":"https:\/\/pakoline.com\/en\/wp-json\/wp\/v2\/pages\/348"}],"wp:attachment":[{"href":"https:\/\/pakoline.com\/en\/wp-json\/wp\/v2\/media?parent=6859"}],"curies":[{"name":"wp","href":"https:\/\/api.w.org\/{rel}","templated":true}]}}