{"id":406,"date":"2025-03-18T14:53:00","date_gmt":"2025-03-18T13:53:00","guid":{"rendered":"https:\/\/pakoline.com\/services-2\/"},"modified":"2025-03-27T01:06:59","modified_gmt":"2025-03-27T00:06:59","slug":"vetements-creme","status":"publish","type":"page","link":"https:\/\/pakoline.com\/en\/produits\/vetements-creme\/","title":{"rendered":"Cream"},"content":{"rendered":"<div data-elementor-type=\"wp-page\" data-elementor-id=\"406\" class=\"elementor elementor-406\" data-elementor-post-type=\"page\">\n\t\t\t\t\t\t<section class=\"elementor-section elementor-top-section elementor-element elementor-element-a695fd3 elementor-section-content-middle elementor-section-boxed elementor-section-height-default elementor-section-height-default\" data-id=\"a695fd3\" data-element_type=\"section\">\n\t\t\t\t\t\t<div class=\"elementor-container elementor-column-gap-wider\">\n\t\t\t\t\t<div class=\"elementor-column elementor-col-100 elementor-top-column elementor-element elementor-element-26d3704\" data-id=\"26d3704\" data-element_type=\"column\">\n\t\t\t<div class=\"elementor-widget-wrap elementor-element-populated\">\n\t\t\t\t\t\t<div class=\"elementor-element elementor-element-049b530 elementor-widget__width-initial elementor-widget elementor-widget-heading\" data-id=\"049b530\" data-element_type=\"widget\" data-widget_type=\"heading.default\">\n\t\t\t\t<div class=\"elementor-widget-container\">\n\t\t\t\t\t<h2 class=\"elementor-heading-title elementor-size-default\">Cream<\/h2>\t\t\t\t<\/div>\n\t\t\t\t<\/div>\n\t\t\t\t<div class=\"elementor-element elementor-element-88337f5 elementor-widget elementor-widget-text-editor\" data-id=\"88337f5\" data-element_type=\"widget\" data-widget_type=\"text-editor.default\">\n\t\t\t\t<div class=\"elementor-widget-container\">\n\t\t\t\t\t\t\t\t\t<p>The quality <b>\u00ab\u00a0Cream\u00bb<\/b> refers to the clothes of <b>second hand of the best quality<\/b>. These items are carefully sorted to ensure they are in excellent, almost like new condition. They have no <b>no visible defects, no stains,<\/b> and generally come from major brands that are popular with customers.<\/p><p><b>Why choose Cr\u00e8me clothing?<br \/><\/b>Ces derniers offrent plusieurs avantages :<br \/>&#8211; <b>Impeccable condition<\/b> : worn little or not at all, they retain their original appearance.<br \/>&#8211; <b>Famous brands<\/b> : selection including clothing from popular brands.<br \/>&#8211; <b>Best profit margin<\/b> : Customers are willing to pay more for higher quality, which increases your profitability.<\/p><p>At the house of <b>Pakoline<\/b>, we carefully select each bale of clothing to ensure a <b>optimal quality<\/b> to our merchant customers.<br \/>Contact us for more information.<\/p><p>Nous garantissons \u00e0 nos clients :<br \/>&#8211; <strong>Large choix<\/strong> de v\u00eatements tendance pour homme, femme et enfant<br \/>&#8211; <strong>Stock disponible<\/strong> en permanence pour r\u00e9pondre \u00e0 vos besoins<br \/>&#8211; Accompagnement et <strong>conseils<\/strong> pour optimiser vos ventes<\/p><p><em>\u2022<\/em>\u00a0<a href=\"https:\/\/pakoline.com\/en\/produits\/\" target=\"_blank\" rel=\"noopener\">Voir toutes les qualit\u00e9s<\/a>\u00a0<br \/><em>\u2022<\/em>\u00a0<a style=\"background-color: rgba(255, 255, 255, 0); letter-spacing: var(--the7-base-letter-spacing); text-transform: var(--the7-base-text-transform); word-spacing: normal;\" href=\"https:\/\/pakoline.com\/en\/choisir-balles-vetements\/\" target=\"_blank\" rel=\"noopener\">Nos conseils pour bien choisir votre stock<\/a><\/p>\t\t\t\t\t\t\t\t<\/div>\n\t\t\t\t<\/div>\n\t\t\t\t\t<\/div>\n\t\t<\/div>\n\t\t\t\t\t<\/div>\n\t\t<\/section>\n\t\t\t\t<section class=\"elementor-section elementor-top-section elementor-element elementor-element-eac8f26 elementor-reverse-mobile elementor-section-boxed elementor-section-height-default elementor-section-height-default\" data-id=\"eac8f26\" data-element_type=\"section\">\n\t\t\t\t\t\t<div class=\"elementor-container elementor-column-gap-wider\">\n\t\t\t\t\t<div class=\"elementor-column elementor-col-50 elementor-top-column elementor-element elementor-element-e68c5fb\" data-id=\"e68c5fb\" data-element_type=\"column\">\n\t\t\t<div class=\"elementor-widget-wrap elementor-element-populated\">\n\t\t\t\t\t\t<div class=\"elementor-element elementor-element-bb3ebd6 elementor-widget elementor-widget-image\" data-id=\"bb3ebd6\" data-element_type=\"widget\" data-widget_type=\"image.default\">\n\t\t\t\t<div class=\"elementor-widget-container\">\n\t\t\t\t\t\t\t\t\t\t\t\t\t\t\t<img decoding=\"async\" src=\"https:\/\/pakoline.com\/wp-content\/uploads\/elementor\/thumbs\/a781c031-6ccb-11ef-9f1c-0a58a9feac02-rid84s7qbf3fqef9thmd5ppmf785l5sp4ghwuzpjr4.jpeg\" title=\"a781c031-6ccb-11ef-9f1c-0a58a9feac02\" alt=\"a781c031-6ccb-11ef-9f1c-0a58a9feac02\" loading=\"lazy\" \/>\t\t\t\t\t\t\t\t\t\t\t\t\t\t\t<\/div>\n\t\t\t\t<\/div>\n\t\t\t\t\t<\/div>\n\t\t<\/div>\n\t\t\t\t<div class=\"elementor-column elementor-col-50 elementor-top-column elementor-element elementor-element-a7bed95\" data-id=\"a7bed95\" data-element_type=\"column\">\n\t\t\t<div class=\"elementor-widget-wrap elementor-element-populated\">\n\t\t\t\t\t\t<div class=\"elementor-element elementor-element-339a1cc elementor-widget elementor-widget-image\" data-id=\"339a1cc\" data-element_type=\"widget\" data-widget_type=\"image.default\">\n\t\t\t\t<div class=\"elementor-widget-container\">\n\t\t\t\t\t\t\t\t\t\t\t\t\t\t\t<img decoding=\"async\" src=\"https:\/\/pakoline.com\/wp-content\/uploads\/elementor\/thumbs\/WhatsApp-Image-2025-02-25-at-14.53.29-3-e1740512948666-rid84s7qbf3fqef9thmd5ppmf785l5sp4ghwuzpjr4.jpeg\" title=\"WhatsApp Image 2025-02-25 at 14.53.29 (3)\" alt=\"WhatsApp Image 2025-02-25 at 14.53.29 (3)\" loading=\"lazy\" \/>\t\t\t\t\t\t\t\t\t\t\t\t\t\t\t<\/div>\n\t\t\t\t<\/div>\n\t\t\t\t\t<\/div>\n\t\t<\/div>\n\t\t\t\t\t<\/div>\n\t\t<\/section>\n\t\t\t\t<\/div>","protected":false},"excerpt":{"rendered":"<p>Cr\u00e8me La qualit\u00e9 \u00ab\u00a0Cr\u00e8me\u00a0\u00bb d\u00e9signe les v\u00eatements de seconde main de la meilleure qualit\u00e9. Ces articles sont soigneusement tri\u00e9s pour garantir qu\u2019ils sont en excellent \u00e9tat, presque comme neufs. Ils n&rsquo;ont ni d\u00e9fauts visibles, ni taches, et proviennent g\u00e9n\u00e9ralement de grandes marques appr\u00e9ci\u00e9es des clients. Pourquoi choisir des v\u00eatements Cr\u00e8me ?Ces derniers offrent plusieurs avantages&hellip;<\/p>","protected":false},"author":1,"featured_media":7024,"parent":348,"menu_order":19,"comment_status":"closed","ping_status":"closed","template":"","meta":{"footnotes":""},"class_list":["post-406","page","type-page","status-publish","has-post-thumbnail","hentry"],"yoast_head":"<!-- This site is optimized with the Yoast SEO plugin v26.5 - https:\/\/yoast.com\/wordpress\/plugins\/seo\/ -->\n<title>V\u00eatements Cr\u00e8me de Friperie - Qualit\u00e9 Premium - PAKOLINE<\/title>\n<meta name=\"description\" content=\"D\u00e9couvrez nos v\u00eatements Cr\u00e8me de friperie, une s\u00e9lection de seconde main en excellent \u00e9tat. Contactez nous pour plus d&#039;informations !\" \/>\n<meta name=\"robots\" content=\"index, follow, max-snippet:-1, max-image-preview:large, max-video-preview:-1\" \/>\n<link rel=\"canonical\" href=\"https:\/\/pakoline.com\/en\/produits\/vetements-creme\/\" \/>\n<meta property=\"og:locale\" content=\"en_US\" \/>\n<meta property=\"og:type\" content=\"article\" \/>\n<meta property=\"og:title\" content=\"V\u00eatements Cr\u00e8me de Friperie - Qualit\u00e9 Premium - PAKOLINE\" \/>\n<meta property=\"og:description\" content=\"D\u00e9couvrez nos v\u00eatements Cr\u00e8me de friperie, une s\u00e9lection de seconde main en excellent \u00e9tat. Contactez nous pour plus d&#039;informations !\" \/>\n<meta property=\"og:url\" content=\"https:\/\/pakoline.com\/en\/produits\/vetements-creme\/\" \/>\n<meta property=\"og:site_name\" content=\"PAKOLINE\" \/>\n<meta property=\"article:modified_time\" content=\"2025-03-27T00:06:59+00:00\" \/>\n<meta property=\"og:image\" content=\"https:\/\/pakoline.com\/wp-content\/uploads\/2025\/02\/6310ae83855e-article-friperie.jpg\" \/>\n\t<meta property=\"og:image:width\" content=\"1156\" \/>\n\t<meta property=\"og:image:height\" content=\"660\" \/>\n\t<meta property=\"og:image:type\" content=\"image\/jpeg\" \/>\n<meta name=\"twitter:card\" content=\"summary_large_image\" \/>\n<meta name=\"twitter:label1\" content=\"Est. reading time\" \/>\n\t<meta name=\"twitter:data1\" content=\"2 minutes\" \/>\n<script type=\"application\/ld+json\" class=\"yoast-schema-graph\">{\"@context\":\"https:\/\/schema.org\",\"@graph\":[{\"@type\":\"WebPage\",\"@id\":\"https:\/\/pakoline.com\/produits\/vetements-creme\/\",\"url\":\"https:\/\/pakoline.com\/produits\/vetements-creme\/\",\"name\":\"V\u00eatements Cr\u00e8me de Friperie - Qualit\u00e9 Premium - PAKOLINE\",\"isPartOf\":{\"@id\":\"https:\/\/pakoline.com\/#website\"},\"primaryImageOfPage\":{\"@id\":\"https:\/\/pakoline.com\/produits\/vetements-creme\/#primaryimage\"},\"image\":{\"@id\":\"https:\/\/pakoline.com\/produits\/vetements-creme\/#primaryimage\"},\"thumbnailUrl\":\"https:\/\/pakoline.com\/wp-content\/uploads\/2025\/02\/6310ae83855e-article-friperie.jpg\",\"datePublished\":\"2025-03-18T13:53:00+00:00\",\"dateModified\":\"2025-03-27T00:06:59+00:00\",\"description\":\"D\u00e9couvrez nos v\u00eatements Cr\u00e8me de friperie, une s\u00e9lection de seconde main en excellent \u00e9tat. Contactez nous pour plus d'informations !\",\"breadcrumb\":{\"@id\":\"https:\/\/pakoline.com\/produits\/vetements-creme\/#breadcrumb\"},\"inLanguage\":\"en-US\",\"potentialAction\":[{\"@type\":\"ReadAction\",\"target\":[\"https:\/\/pakoline.com\/produits\/vetements-creme\/\"]}]},{\"@type\":\"ImageObject\",\"inLanguage\":\"en-US\",\"@id\":\"https:\/\/pakoline.com\/produits\/vetements-creme\/#primaryimage\",\"url\":\"https:\/\/pakoline.com\/wp-content\/uploads\/2025\/02\/6310ae83855e-article-friperie.jpg\",\"contentUrl\":\"https:\/\/pakoline.com\/wp-content\/uploads\/2025\/02\/6310ae83855e-article-friperie.jpg\",\"width\":1156,\"height\":660},{\"@type\":\"BreadcrumbList\",\"@id\":\"https:\/\/pakoline.com\/produits\/vetements-creme\/#breadcrumb\",\"itemListElement\":[{\"@type\":\"ListItem\",\"position\":1,\"name\":\"Accueil\",\"item\":\"https:\/\/pakoline.com\/\"},{\"@type\":\"ListItem\",\"position\":2,\"name\":\"Produits\",\"item\":\"https:\/\/pakoline.com\/produits\/\"},{\"@type\":\"ListItem\",\"position\":3,\"name\":\"Cr\u00e8me\"}]},{\"@type\":\"WebSite\",\"@id\":\"https:\/\/pakoline.com\/#website\",\"url\":\"https:\/\/pakoline.com\/\",\"name\":\"PAKOLINE\",\"description\":\"\",\"publisher\":{\"@id\":\"https:\/\/pakoline.com\/#organization\"},\"potentialAction\":[{\"@type\":\"SearchAction\",\"target\":{\"@type\":\"EntryPoint\",\"urlTemplate\":\"https:\/\/pakoline.com\/?s={search_term_string}\"},\"query-input\":{\"@type\":\"PropertyValueSpecification\",\"valueRequired\":true,\"valueName\":\"search_term_string\"}}],\"inLanguage\":\"en-US\"},{\"@type\":\"Organization\",\"@id\":\"https:\/\/pakoline.com\/#organization\",\"name\":\"PAKOLINE\",\"url\":\"https:\/\/pakoline.com\/\",\"logo\":{\"@type\":\"ImageObject\",\"inLanguage\":\"en-US\",\"@id\":\"https:\/\/pakoline.com\/#\/schema\/logo\/image\/\",\"url\":\"https:\/\/pakoline.com\/wp-content\/uploads\/2025\/02\/cropped-FAV_ICON_2.png\",\"contentUrl\":\"https:\/\/pakoline.com\/wp-content\/uploads\/2025\/02\/cropped-FAV_ICON_2.png\",\"width\":512,\"height\":512,\"caption\":\"PAKOLINE\"},\"image\":{\"@id\":\"https:\/\/pakoline.com\/#\/schema\/logo\/image\/\"}}]}<\/script>\n<!-- \/ Yoast SEO plugin. -->","yoast_head_json":{"title":"V\u00eatements Cr\u00e8me de Friperie - Qualit\u00e9 Premium - PAKOLINE","description":"D\u00e9couvrez nos v\u00eatements Cr\u00e8me de friperie, une s\u00e9lection de seconde main en excellent \u00e9tat. Contactez nous pour plus d'informations !","robots":{"index":"index","follow":"follow","max-snippet":"max-snippet:-1","max-image-preview":"max-image-preview:large","max-video-preview":"max-video-preview:-1"},"canonical":"https:\/\/pakoline.com\/en\/produits\/vetements-creme\/","og_locale":"en_US","og_type":"article","og_title":"V\u00eatements Cr\u00e8me de Friperie - Qualit\u00e9 Premium - PAKOLINE","og_description":"D\u00e9couvrez nos v\u00eatements Cr\u00e8me de friperie, une s\u00e9lection de seconde main en excellent \u00e9tat. Contactez nous pour plus d'informations !","og_url":"https:\/\/pakoline.com\/en\/produits\/vetements-creme\/","og_site_name":"PAKOLINE","article_modified_time":"2025-03-27T00:06:59+00:00","og_image":[{"width":1156,"height":660,"url":"https:\/\/pakoline.com\/wp-content\/uploads\/2025\/02\/6310ae83855e-article-friperie.jpg","type":"image\/jpeg"}],"twitter_card":"summary_large_image","twitter_misc":{"Est. reading time":"2 minutes"},"schema":{"@context":"https:\/\/schema.org","@graph":[{"@type":"WebPage","@id":"https:\/\/pakoline.com\/produits\/vetements-creme\/","url":"https:\/\/pakoline.com\/produits\/vetements-creme\/","name":"V\u00eatements Cr\u00e8me de Friperie - Qualit\u00e9 Premium - PAKOLINE","isPartOf":{"@id":"https:\/\/pakoline.com\/#website"},"primaryImageOfPage":{"@id":"https:\/\/pakoline.com\/produits\/vetements-creme\/#primaryimage"},"image":{"@id":"https:\/\/pakoline.com\/produits\/vetements-creme\/#primaryimage"},"thumbnailUrl":"https:\/\/pakoline.com\/wp-content\/uploads\/2025\/02\/6310ae83855e-article-friperie.jpg","datePublished":"2025-03-18T13:53:00+00:00","dateModified":"2025-03-27T00:06:59+00:00","description":"D\u00e9couvrez nos v\u00eatements Cr\u00e8me de friperie, une s\u00e9lection de seconde main en excellent \u00e9tat. Contactez nous pour plus d'informations !","breadcrumb":{"@id":"https:\/\/pakoline.com\/produits\/vetements-creme\/#breadcrumb"},"inLanguage":"en-US","potentialAction":[{"@type":"ReadAction","target":["https:\/\/pakoline.com\/produits\/vetements-creme\/"]}]},{"@type":"ImageObject","inLanguage":"en-US","@id":"https:\/\/pakoline.com\/produits\/vetements-creme\/#primaryimage","url":"https:\/\/pakoline.com\/wp-content\/uploads\/2025\/02\/6310ae83855e-article-friperie.jpg","contentUrl":"https:\/\/pakoline.com\/wp-content\/uploads\/2025\/02\/6310ae83855e-article-friperie.jpg","width":1156,"height":660},{"@type":"BreadcrumbList","@id":"https:\/\/pakoline.com\/produits\/vetements-creme\/#breadcrumb","itemListElement":[{"@type":"ListItem","position":1,"name":"Accueil","item":"https:\/\/pakoline.com\/"},{"@type":"ListItem","position":2,"name":"Produits","item":"https:\/\/pakoline.com\/produits\/"},{"@type":"ListItem","position":3,"name":"Cr\u00e8me"}]},{"@type":"WebSite","@id":"https:\/\/pakoline.com\/#website","url":"https:\/\/pakoline.com\/","name":"PAKOLINE","description":"","publisher":{"@id":"https:\/\/pakoline.com\/#organization"},"potentialAction":[{"@type":"SearchAction","target":{"@type":"EntryPoint","urlTemplate":"https:\/\/pakoline.com\/?s={search_term_string}"},"query-input":{"@type":"PropertyValueSpecification","valueRequired":true,"valueName":"search_term_string"}}],"inLanguage":"en-US"},{"@type":"Organization","@id":"https:\/\/pakoline.com\/#organization","name":"PAKOLINE","url":"https:\/\/pakoline.com\/","logo":{"@type":"ImageObject","inLanguage":"en-US","@id":"https:\/\/pakoline.com\/#\/schema\/logo\/image\/","url":"https:\/\/pakoline.com\/wp-content\/uploads\/2025\/02\/cropped-FAV_ICON_2.png","contentUrl":"https:\/\/pakoline.com\/wp-content\/uploads\/2025\/02\/cropped-FAV_ICON_2.png","width":512,"height":512,"caption":"PAKOLINE"},"image":{"@id":"https:\/\/pakoline.com\/#\/schema\/logo\/image\/"}}]}},"_links":{"self":[{"href":"https:\/\/pakoline.com\/en\/wp-json\/wp\/v2\/pages\/406","targetHints":{"allow":["GET"]}}],"collection":[{"href":"https:\/\/pakoline.com\/en\/wp-json\/wp\/v2\/pages"}],"about":[{"href":"https:\/\/pakoline.com\/en\/wp-json\/wp\/v2\/types\/page"}],"author":[{"embeddable":true,"href":"https:\/\/pakoline.com\/en\/wp-json\/wp\/v2\/users\/1"}],"replies":[{"embeddable":true,"href":"https:\/\/pakoline.com\/en\/wp-json\/wp\/v2\/comments?post=406"}],"version-history":[{"count":51,"href":"https:\/\/pakoline.com\/en\/wp-json\/wp\/v2\/pages\/406\/revisions"}],"predecessor-version":[{"id":7582,"href":"https:\/\/pakoline.com\/en\/wp-json\/wp\/v2\/pages\/406\/revisions\/7582"}],"up":[{"embeddable":true,"href":"https:\/\/pakoline.com\/en\/wp-json\/wp\/v2\/pages\/348"}],"wp:featuredmedia":[{"embeddable":true,"href":"https:\/\/pakoline.com\/en\/wp-json\/wp\/v2\/media\/7024"}],"wp:attachment":[{"href":"https:\/\/pakoline.com\/en\/wp-json\/wp\/v2\/media?parent=406"}],"curies":[{"name":"wp","href":"https:\/\/api.w.org\/{rel}","templated":true}]}}