{"id":2303,"date":"2019-12-20T10:56:48","date_gmt":"2019-12-20T10:56:48","guid":{"rendered":"https:\/\/pakoline.com\/blog-grid\/"},"modified":"2025-03-27T14:42:27","modified_gmt":"2025-03-27T13:42:27","slug":"blog-grid","status":"publish","type":"page","link":"https:\/\/pakoline.com\/en\/blog-grid\/","title":{"rendered":"Blog"},"content":{"rendered":"<div data-elementor-type=\"wp-page\" data-elementor-id=\"2303\" class=\"elementor elementor-2303\" data-elementor-post-type=\"page\">\n\t\t\t\t\t\t<section class=\"elementor-section elementor-top-section elementor-element elementor-element-0638455 elementor-section-stretched elementor-section-boxed elementor-section-height-default elementor-section-height-default\" data-id=\"0638455\" data-element_type=\"section\" data-settings=\"{&quot;stretch_section&quot;:&quot;section-stretched&quot;,&quot;background_background&quot;:&quot;classic&quot;}\">\n\t\t\t\t\t\t<div class=\"elementor-container elementor-column-gap-no\">\n\t\t\t\t\t<div class=\"elementor-column elementor-col-100 elementor-top-column elementor-element elementor-element-ed3c02a\" data-id=\"ed3c02a\" data-element_type=\"column\">\n\t\t\t<div class=\"elementor-widget-wrap elementor-element-populated\">\n\t\t\t\t\t\t<div class=\"elementor-element elementor-element-765a4d3 preserve-img-ratio-cover elementor-widget elementor-widget-the7_elements\" data-id=\"765a4d3\" data-element_type=\"widget\" data-widget_type=\"the7_elements.default\">\n\t\t\t\t<div class=\"elementor-widget-container\">\n\t\t\t\t\t<div class=\"portfolio-shortcode the7-elementor-widget the7_elements-765a4d3 mode-grid dt-css-grid-wrap classic-layout-list description-under-image content-bg-on resize-by-browser-width widget-with-filter loading-effect-none enable-pagination-scroll jquery-filter\" data-padding=\"60px\" data-mobile-columns-num=\"1\" data-tablet-columns-num=\"2\" data-desktop-columns-num=\"3\" data-wide-desktop-columns-num=\"3\" data-post-limit=\"6\" data-pagination-mode=\"pages\" data-scroll-offset=\"-90\" aria-live=\"assertive\"><div class=\"dt-css-grid custom-pagination-handler\"><div class=\"visible wf-cell category-1\" data-post-id=\"7654\" data-date=\"2025-05-07T15:47:04+02:00\" data-name=\"O\u00f9 acheter de la friperie en gros \u00e0 Dakar ? Nos conseils pour bien choisir\"><article class=\"post visible no-img post-7654 type-post status-publish format-standard hentry category-non-classe tag-achat-en-gros tag-balle-creme tag-balle-friperie tag-vetement-outlet category-1 description-off\" data-name=\"O\u00f9 acheter de la friperie en gros \u00e0 Dakar ? Nos conseils pour bien choisir\" data-date=\"2025-05-07T15:47:04+02:00\">\n\n<div class=\"post-entry-content\">\n\n\t<h3 class=\"ele-entry-title\"><a href=\"https:\/\/pakoline.com\/en\/friperie-en-gros-dakar\/\" rel=\"bookmark\" title=\"O\u00f9 acheter de la friperie en gros \u00e0 Dakar ? Nos conseils pour bien choisir\">O\u00f9 acheter de la friperie en gros \u00e0 Dakar ? Nos conseils pour bien choisir<\/a><\/h3><div class=\"entry-meta\"><span class=\"meta-item category-link\"><span>Non class\u00e9<\/span><\/span><a href=\"https:\/\/pakoline.com\/en\/2025\/05\/07\/\" title=\"15h47\" class=\"meta-item data-link\" rel=\"bookmark\"><time class=\"entry-date updated\" datetime=\"2025-05-07T15:47:04+02:00\">7 May 2025<\/time><\/a><\/div><div class=\"entry-excerpt\"><p>Lancer ou d\u00e9velopper un commerce de v\u00eatements d\u2019occasion commence par une bonne question : o\u00f9 acheter de la friperie en&hellip;<\/p>\n<\/div><a href=\"https:\/\/pakoline.com\/en\/friperie-en-gros-dakar\/\" target=\"\" aria-label=\"Read more about O\u00f9 acheter de la friperie en gros \u00e0 Dakar ? Nos conseils pour bien choisir\" class=\"box-button elementor-button elementor-size-sm\">Lire l&#039;article<\/a>\n<\/div><\/article><\/div><div class=\"visible wf-cell category-1\" data-post-id=\"7478\" data-date=\"2025-03-15T09:23:11+01:00\" data-name=\"Comment choisir ses balles de v\u00eatements ? Nos conseils cl\u00e9s\"><article class=\"post visible post-7478 type-post status-publish format-standard has-post-thumbnail hentry category-non-classe\" data-name=\"Comment choisir ses balles de v\u00eatements ? Nos conseils cl\u00e9s\" data-date=\"2025-03-15T09:23:11+01:00\">\n\n\t<div class=\"post-thumbnail-wrap\">\n\t\t<div class=\"post-thumbnail\">\n\n\t\t\t<a class=\"post-thumbnail-rollover layzr-bg img-css-resize-wrapper\" aria-label=\"Post image\" href=\"https:\/\/pakoline.com\/en\/choisir-balles-vetements\/\"><img fetchpriority=\"high\" decoding=\"async\" width=\"1050\" height=\"1140\" src=\"data:image\/svg+xml,%3Csvg%20xmlns%3D&#039;http%3A%2F%2Fwww.w3.org%2F2000%2Fsvg&#039;%20viewBox%3D&#039;0%200%201050%201140&#039;%2F%3E\" class=\"attachment-full size-full preload-me aspect lazy lazy-load\" alt=\"\" sizes=\"(max-width: 1050px) 100vw, 1050px\" style=\"--ratio: 1050 \/ 1140;\" data-src=\"https:\/\/pakoline.com\/wp-content\/uploads\/2025\/02\/12-high-cuohlt-e1740510567652.webp\" loading=\"eager\" data-srcset=\"https:\/\/pakoline.com\/wp-content\/uploads\/2025\/02\/12-high-cuohlt-e1740510567652.webp 1050w, https:\/\/pakoline.com\/wp-content\/uploads\/2025\/02\/12-high-cuohlt-e1740510567652-276x300.webp 276w, https:\/\/pakoline.com\/wp-content\/uploads\/2025\/02\/12-high-cuohlt-e1740510567652-943x1024.webp 943w, https:\/\/pakoline.com\/wp-content\/uploads\/2025\/02\/12-high-cuohlt-e1740510567652-768x834.webp 768w\" \/><span class=\"the7-hover-icon\"><i aria-hidden=\"true\" class=\"feather feather-more-horizontal\"><\/i><\/span><\/a>\n\t\t<\/div>\n\t<\/div>\n\n\n<div class=\"post-entry-content\">\n\n\t<h3 class=\"ele-entry-title\"><a href=\"https:\/\/pakoline.com\/en\/choisir-balles-vetements\/\" rel=\"bookmark\" title=\"Comment choisir ses balles de v\u00eatements ? Nos conseils cl\u00e9s\">Comment choisir ses balles de v\u00eatements ? Nos conseils cl\u00e9s<\/a><\/h3><div class=\"entry-meta\"><span class=\"meta-item category-link\"><span>Non class\u00e9<\/span><\/span><a href=\"https:\/\/pakoline.com\/en\/2025\/03\/15\/\" title=\"9h23\" class=\"meta-item data-link\" rel=\"bookmark\"><time class=\"entry-date updated\" datetime=\"2025-03-15T09:23:11+01:00\">15 March 2025<\/time><\/a><\/div><div class=\"entry-excerpt\"><p>Que vous soyez un commer\u00e7ant d\u00e9butant ou exp\u00e9riment\u00e9, bien choisir vos&nbsp;balles de v\u00eatements&nbsp;est essentiel pour rentabiliser votre activit\u00e9. Une mauvaise&hellip;<\/p>\n<\/div><a href=\"https:\/\/pakoline.com\/en\/choisir-balles-vetements\/\" target=\"\" aria-label=\"Read more about Comment choisir ses balles de v\u00eatements ? Nos conseils cl\u00e9s\" class=\"box-button elementor-button elementor-size-sm\">Lire l&#039;article<\/a>\n<\/div><\/article><\/div><\/div><!-- iso-container|iso-grid --><div class=\"paginator filter-decorations filter-pointer-underline filter-animation-fade\" role=\"navigation\"><\/div><\/div>\t\t\t\t<\/div>\n\t\t\t\t<\/div>\n\t\t\t\t\t<\/div>\n\t\t<\/div>\n\t\t\t\t\t<\/div>\n\t\t<\/section>\n\t\t\t\t<\/div>","protected":false},"excerpt":{"rendered":"<p>Comment choisir ses balles de v\u00eatements ? Nos conseils cl\u00e9s Non class\u00e915 mars 2025 Que vous soyez un commer\u00e7ant d\u00e9butant ou exp\u00e9riment\u00e9, bien choisir vos&nbsp;balles de v\u00eatements&nbsp;est essentiel pour rentabiliser votre activit\u00e9. Une mauvaise\u2026 Lire l&#039;article<\/p>","protected":false},"author":1,"featured_media":0,"parent":0,"menu_order":26,"comment_status":"closed","ping_status":"closed","template":"","meta":{"footnotes":""},"class_list":["post-2303","page","type-page","status-publish","hentry"],"yoast_head":"<!-- This site is optimized with the Yoast SEO plugin v26.5 - https:\/\/yoast.com\/wordpress\/plugins\/seo\/ -->\n<title>Blog - PAKOLINE<\/title>\n<meta name=\"robots\" content=\"index, follow, max-snippet:-1, max-image-preview:large, max-video-preview:-1\" \/>\n<link rel=\"canonical\" href=\"https:\/\/pakoline.com\/en\/blog-grid\/\" \/>\n<meta property=\"og:locale\" content=\"en_US\" \/>\n<meta property=\"og:type\" content=\"article\" \/>\n<meta property=\"og:title\" content=\"Blog - PAKOLINE\" \/>\n<meta property=\"og:description\" content=\"Comment choisir ses balles de v\u00eatements ? Nos conseils cl\u00e9s Non class\u00e915 mars 2025 Que vous soyez un commer\u00e7ant d\u00e9butant ou exp\u00e9riment\u00e9, bien choisir vos&nbsp;balles de v\u00eatements&nbsp;est essentiel pour rentabiliser votre activit\u00e9. Une mauvaise\u2026 Lire l&#039;article\" \/>\n<meta property=\"og:url\" content=\"https:\/\/pakoline.com\/en\/blog-grid\/\" \/>\n<meta property=\"og:site_name\" content=\"PAKOLINE\" \/>\n<meta property=\"article:modified_time\" content=\"2025-03-27T13:42:27+00:00\" \/>\n<meta name=\"twitter:card\" content=\"summary_large_image\" \/>\n<meta name=\"twitter:label1\" content=\"Est. reading time\" \/>\n\t<meta name=\"twitter:data1\" content=\"1 minute\" \/>\n<script type=\"application\/ld+json\" class=\"yoast-schema-graph\">{\"@context\":\"https:\/\/schema.org\",\"@graph\":[{\"@type\":\"WebPage\",\"@id\":\"https:\/\/pakoline.com\/blog-grid\/\",\"url\":\"https:\/\/pakoline.com\/blog-grid\/\",\"name\":\"Blog - PAKOLINE\",\"isPartOf\":{\"@id\":\"https:\/\/pakoline.com\/#website\"},\"datePublished\":\"2019-12-20T10:56:48+00:00\",\"dateModified\":\"2025-03-27T13:42:27+00:00\",\"breadcrumb\":{\"@id\":\"https:\/\/pakoline.com\/blog-grid\/#breadcrumb\"},\"inLanguage\":\"en-US\",\"potentialAction\":[{\"@type\":\"ReadAction\",\"target\":[\"https:\/\/pakoline.com\/blog-grid\/\"]}]},{\"@type\":\"BreadcrumbList\",\"@id\":\"https:\/\/pakoline.com\/blog-grid\/#breadcrumb\",\"itemListElement\":[{\"@type\":\"ListItem\",\"position\":1,\"name\":\"Accueil\",\"item\":\"https:\/\/pakoline.com\/\"},{\"@type\":\"ListItem\",\"position\":2,\"name\":\"Blog\"}]},{\"@type\":\"WebSite\",\"@id\":\"https:\/\/pakoline.com\/#website\",\"url\":\"https:\/\/pakoline.com\/\",\"name\":\"PAKOLINE\",\"description\":\"\",\"publisher\":{\"@id\":\"https:\/\/pakoline.com\/#organization\"},\"potentialAction\":[{\"@type\":\"SearchAction\",\"target\":{\"@type\":\"EntryPoint\",\"urlTemplate\":\"https:\/\/pakoline.com\/?s={search_term_string}\"},\"query-input\":{\"@type\":\"PropertyValueSpecification\",\"valueRequired\":true,\"valueName\":\"search_term_string\"}}],\"inLanguage\":\"en-US\"},{\"@type\":\"Organization\",\"@id\":\"https:\/\/pakoline.com\/#organization\",\"name\":\"PAKOLINE\",\"url\":\"https:\/\/pakoline.com\/\",\"logo\":{\"@type\":\"ImageObject\",\"inLanguage\":\"en-US\",\"@id\":\"https:\/\/pakoline.com\/#\/schema\/logo\/image\/\",\"url\":\"https:\/\/pakoline.com\/wp-content\/uploads\/2025\/02\/cropped-FAV_ICON_2.png\",\"contentUrl\":\"https:\/\/pakoline.com\/wp-content\/uploads\/2025\/02\/cropped-FAV_ICON_2.png\",\"width\":512,\"height\":512,\"caption\":\"PAKOLINE\"},\"image\":{\"@id\":\"https:\/\/pakoline.com\/#\/schema\/logo\/image\/\"}}]}<\/script>\n<!-- \/ Yoast SEO plugin. -->","yoast_head_json":{"title":"Blog - PAKOLINE","robots":{"index":"index","follow":"follow","max-snippet":"max-snippet:-1","max-image-preview":"max-image-preview:large","max-video-preview":"max-video-preview:-1"},"canonical":"https:\/\/pakoline.com\/en\/blog-grid\/","og_locale":"en_US","og_type":"article","og_title":"Blog - PAKOLINE","og_description":"Comment choisir ses balles de v\u00eatements ? Nos conseils cl\u00e9s Non class\u00e915 mars 2025 Que vous soyez un commer\u00e7ant d\u00e9butant ou exp\u00e9riment\u00e9, bien choisir vos&nbsp;balles de v\u00eatements&nbsp;est essentiel pour rentabiliser votre activit\u00e9. Une mauvaise\u2026 Lire l&#039;article","og_url":"https:\/\/pakoline.com\/en\/blog-grid\/","og_site_name":"PAKOLINE","article_modified_time":"2025-03-27T13:42:27+00:00","twitter_card":"summary_large_image","twitter_misc":{"Est. reading time":"1 minute"},"schema":{"@context":"https:\/\/schema.org","@graph":[{"@type":"WebPage","@id":"https:\/\/pakoline.com\/blog-grid\/","url":"https:\/\/pakoline.com\/blog-grid\/","name":"Blog - PAKOLINE","isPartOf":{"@id":"https:\/\/pakoline.com\/#website"},"datePublished":"2019-12-20T10:56:48+00:00","dateModified":"2025-03-27T13:42:27+00:00","breadcrumb":{"@id":"https:\/\/pakoline.com\/blog-grid\/#breadcrumb"},"inLanguage":"en-US","potentialAction":[{"@type":"ReadAction","target":["https:\/\/pakoline.com\/blog-grid\/"]}]},{"@type":"BreadcrumbList","@id":"https:\/\/pakoline.com\/blog-grid\/#breadcrumb","itemListElement":[{"@type":"ListItem","position":1,"name":"Accueil","item":"https:\/\/pakoline.com\/"},{"@type":"ListItem","position":2,"name":"Blog"}]},{"@type":"WebSite","@id":"https:\/\/pakoline.com\/#website","url":"https:\/\/pakoline.com\/","name":"PAKOLINE","description":"","publisher":{"@id":"https:\/\/pakoline.com\/#organization"},"potentialAction":[{"@type":"SearchAction","target":{"@type":"EntryPoint","urlTemplate":"https:\/\/pakoline.com\/?s={search_term_string}"},"query-input":{"@type":"PropertyValueSpecification","valueRequired":true,"valueName":"search_term_string"}}],"inLanguage":"en-US"},{"@type":"Organization","@id":"https:\/\/pakoline.com\/#organization","name":"PAKOLINE","url":"https:\/\/pakoline.com\/","logo":{"@type":"ImageObject","inLanguage":"en-US","@id":"https:\/\/pakoline.com\/#\/schema\/logo\/image\/","url":"https:\/\/pakoline.com\/wp-content\/uploads\/2025\/02\/cropped-FAV_ICON_2.png","contentUrl":"https:\/\/pakoline.com\/wp-content\/uploads\/2025\/02\/cropped-FAV_ICON_2.png","width":512,"height":512,"caption":"PAKOLINE"},"image":{"@id":"https:\/\/pakoline.com\/#\/schema\/logo\/image\/"}}]}},"_links":{"self":[{"href":"https:\/\/pakoline.com\/en\/wp-json\/wp\/v2\/pages\/2303","targetHints":{"allow":["GET"]}}],"collection":[{"href":"https:\/\/pakoline.com\/en\/wp-json\/wp\/v2\/pages"}],"about":[{"href":"https:\/\/pakoline.com\/en\/wp-json\/wp\/v2\/types\/page"}],"author":[{"embeddable":true,"href":"https:\/\/pakoline.com\/en\/wp-json\/wp\/v2\/users\/1"}],"replies":[{"embeddable":true,"href":"https:\/\/pakoline.com\/en\/wp-json\/wp\/v2\/comments?post=2303"}],"version-history":[{"count":5,"href":"https:\/\/pakoline.com\/en\/wp-json\/wp\/v2\/pages\/2303\/revisions"}],"predecessor-version":[{"id":7597,"href":"https:\/\/pakoline.com\/en\/wp-json\/wp\/v2\/pages\/2303\/revisions\/7597"}],"wp:attachment":[{"href":"https:\/\/pakoline.com\/en\/wp-json\/wp\/v2\/media?parent=2303"}],"curies":[{"name":"wp","href":"https:\/\/api.w.org\/{rel}","templated":true}]}}